{"id":2134,"date":"2014-10-11T08:43:26","date_gmt":"2014-10-11T08:43:26","guid":{"rendered":"http:\/\/www.forks-newyork.com\/?page_id=2134"},"modified":"2019-03-19T13:47:54","modified_gmt":"2019-03-19T13:47:54","slug":"agb","status":"publish","type":"page","link":"https:\/\/www.blackeyeusa.com\/de\/agb\/","title":{"rendered":"AGBs"},"content":{"rendered":"<p><strong>Allgemeine Gesch\u00e4ftsbedingungen (AGB) mit Widerrufsbelehrung\u00a0<\/strong><\/p>\n<p>&nbsp;<\/p>\n<p>Diese Allgemeinen Gesch\u00e4ftsbedingungen gelten f\u00fcr alle Verk\u00e4ufe und Lieferungen.<\/p>\n<p>\u00a7 1 Geltung<br \/>\n(1) Alle Lieferungen, Leistungen und Angebote des Verk\u00e4ufers erfolgen ausschliesslich auf Grund dieser allgemeinen Gesch\u00e4ftsbedingungen. Diese sind Bestandteil aller Vertr\u00e4ge, die wir mit unseren Kunden (nachfolgend auch K\u00e4ufer genannt) \u00fcber die von uns angebotenen Waren schliessen.<br \/>\n(2) Unser Verkaufspersonal ist nicht berechtigt, m\u00fcndliche Vereinbarungen mit dem Kunden im Zusammenhang mit dem Vertrag zu treffen, die von dem Bestellformular oder diesen allgemeinen Gesch\u00e4ftsbedingungen abweichen.<\/p>\n<p>\u00a7 2 Angebot und Vertragsschluss<br \/>\n(1) S\u00e4mtliche Angebote und Preisangeben in Prospekten, auf Websites, in Anzeigen und anderem Werbematerial, sind freibleibend und unverbindlich, sodass auch einzelne Produkte von den Abbildungen und Beschreibungen auf unserer Internetseite abweichen k\u00f6nnen. Verbindlich ist lediglich der Text der Produktbeschreibung.<br \/>\n(2) Der Kunde ist an eine von ihm unterzeichnete oder per email gesandte und von uns noch nicht angenommene Bestellung 14 Kalendertage nach Absendung gebunden. Wir sind berechtigt, das Angebot innerhalb dieser Frist anzunehmen. Massgeblich f\u00fcr die Einhaltung der Frist ist der Zeitpunkt, in dem unsere Annahme dem Kunden zugeht. Als Annahme gilt auch die Zusendung der bestellten Ware.<\/p>\n<p>\u00a7 3 Preise und Zahlung<br \/>\n(1) S\u00e4mtliche auf der Internetseite angegebenen Preise sind Bruttopreise, inklusive der jeweils geltenden Umsatzsteuer (z.Zt. 19%). F\u00fcr alle L\u00e4nder ausserhalb der EU berechnen wir keine Mehrwertsteuer. Bitte beachten Sie, dass f\u00fcr Ihre Bestellung zus\u00e4tzlich regionale Steuern\/ Geb\u00fchren oder sonstige Kosten, insbesondere f\u00fcr die regionale Kommunikation anfallen k\u00f6nnten. Die Verantwortlichkeit, diese Steuern\/ Geb\u00fchren oder sonstigen Kosten zu begleichen, liegt bei Ihnen &#8211; dem Kunden.<br \/>\n(2) W\u00e4hrend des Orderprozesses werden dem K\u00e4ufer der Auslieferungstermin und die Rechnungsdaten mit den Versandkosten mitgeteilt. Die Versandkosten k\u00f6nnen je nach Versandadresse variieren. Die genauen Versandkosten sind auf der webseite dargestellt. Diese k\u00f6nnen Gegenstand von \u00e4nderungen sein. Durch den Gesamtbetrag werden die tats\u00e4chlich angefallenen Porto und Verpackungskosten abgedeckt. Das heisst die Versandkostenbeteiligung fallen pro Bestellung nur einmal an, auch wenn aus technischen Gr\u00fcnden in mehreren Sendungen geliefert werden m\u00fcsste.<br \/>\n(3) Zahlungen k\u00f6nnen per Kreditkarte oder \u00fcberweisung get\u00e4tigt werden. Technisches Personal, Fahrer und Service-Mitarbeiter im Aussendienst sind nicht zum Inkasso berechtigt.<br \/>\n(4) Die Annahme von Schecks erfolgt nur erf\u00fcllungshalber.<br \/>\n(5) Der K\u00e4ufer darf nur eigene Anspr\u00fcche gegen unsere Anspr\u00fcche aufrechnen, wenn die Gegenanspr\u00fcche unbestritten und rechtskr\u00e4ftig festgestellt sind. Zur Zur\u00fcckbehaltung ist der K\u00e4ufer auch wegen Gegenanspr\u00fcchen aus demselben Vertragsverh\u00e4ltnis berechtigt.<\/p>\n<p>\u00a7 4 Lieferung und Lieferzeit<br \/>\n(1) Sofern nicht schriftlich eine feste Frist oder ein fester Termin vereinbart ist, haben unsere Lieferungen und Leistungen schnellstm\u00f6glich, sp\u00e4testens jedoch innerhalb einer Frist von ca. 2 Wochen zu erfolgen.<br \/>\n(2) Sollten wir einen vereinbarten Liefertermin nicht einhalten, so hat uns der K\u00e4ufer eine angemessene Nachfrist zu setzen, die in keinem Fall 2 Wochen unterschreiten darf.<\/p>\n<p>\u00a7 5 Produkt Gew\u00e4hrleistung<br \/>\n(1) Bei M\u00e4ngeln der gelieferten Ware stehen dem K\u00e4ufer die gesetzlichen Rechte in Deutschland zu. (2) Die Garantie erlischt, wenn das Produkt unsachgem\u00e4ss behandelt oder benutzt wurde. Hinweise dazu befinden sich in der Betriebsanleitung des Produktes. (3) F\u00fcr Schadensersatzanspr\u00fcche gelten jedoch die besonderen Bestimmungen des \u00a7 6 dieser AGB.<\/p>\n<p>\u00a7 6 Haftung f\u00fcr Produkt und Schadensersatz<br \/>\n(1) Schadensersatzanspr\u00fcche des K\u00e4ufers wegen offensichtlicher M\u00e4ngel der gelieferten Ware sind ausgeschlossen, wenn er uns den Mangel nicht innerhalb einer Frist von zwei Wochen nach Ablieferung der Ware anzeigt.<br \/>\n(2) Unsere Haftung auf Schadenersatz, gleich aus welchem Grund, (insbesondere bei Verzug, M\u00e4ngeln oder sonstigen Pflichtverletzungen), ist auf den vertragstypischen, vorsehbaren Schaden begrenzt.<br \/>\n(3) Die vorstehenden Haftungsbeschr\u00e4nkungen gelten nicht f\u00fcr unserer Haftung wegen vors\u00e4tzlichen Verhaltens oder grober Fahrl\u00e4ssigkeit, f\u00fcr garantierte Beschaffenheitsmerkmale, wegen Verletzung des Lebens, des K\u00f6rpers oder der Gesundheit oder nach dem Produkthaftungsgesetz.<\/p>\n<p>\u00a7 7 Eigentumsvorbehalt<br \/>\n(1) Wir behalten uns das Eigentum an der gelieferten Ware bis zur vollst\u00e4ndigen Bezahlung des Kaufpreises f\u00fcr diese Ware vor. W\u00e4hrend des Bestehens des Eigentumsvorbehalts darf der K\u00e4ufer die Ware (nachfolgend: Vorbehaltsware) nicht ver\u00e4ussern oder sonst \u00fcber das Eigentum hieran verf\u00fcgen.<br \/>\n(2) Bei Zugriffen Dritter &#8211; insbesondere Gerichtsvollzieher &#8211; auf die Vorbehaltsware wird der K\u00e4ufer auf unser Eigentum hinweisen und uns unverz\u00fcglich benachrichtigen, damit wir unsere Eigentumsrechte durchsetzen k\u00f6nnen.<br \/>\n(3) Bei vertragswidrigen Verhalten des K\u00e4ufers, insbesondere bei Zahlungsverzug, sind wir berechtigt, die Vorbehaltsware herauszuverlangen, sofern wir vom Vertrag zur\u00fcckgetreten sind.<\/p>\n<p>\u00a7 8 Copyright und Links<br \/>\n(1) Der Inhalt der Blackeye\u00a0Website, insbesondere der Bilder, Illustrationen, Designs, Trademarks und Videos sind Eigentum von Stefan Wiesmeth oder f\u00fcr deren offiziellen Gebrauch lizensiert.<br \/>\n(2) Stefan Wiesmeth und deren Partner verfolgen jeglichen unauthorisierten Gebrauch von oben genanntem Eigentum, bzw. jegliche Verletzung von Copyrights, Patenten oder geistigem Eigentum auf das Sch\u00e4rfste.<br \/>\n(3) Die Blackeye\u00a0Website kann Links zu anderen Websites enthalten. Stefan Wiesmeth ist nicht verantworlich f\u00fcr den Inhalt solcher Websites. Links von anderen Websites zur Blackeye\u00a0Website d\u00fcrfen nur mit vorheriger schriftlicher Genehmigung durch Stefan Wiesmeth erfolgen.<\/p>\n<p>\u00a7 9 Haftungsausschluss zur Website<br \/>\n(1) Der Inhalt derBlackeye\u00a0Website ist eine Informationsquelle ohne jegliche Gew\u00e4hr. Die Benutzung der Website erfolgt auf eigene Gefahr und Verantwortung des Benutzers. Stefan Wiesmeth ist nicht verantworlich f\u00fcr Sch\u00e4den die aus der Benutzung der Website oder integrierter Links resultieren k\u00f6nnten.<br \/>\n(2) Stefan WIesmeth beh\u00e4lt es sich vor, den Inhalt derBlackeye\u00a0Website jederzeit und ohne Vorank\u00fcndigung \u00e4ndern zu k\u00f6nnen. Stefan Wiesmeth ist nicht verantworlich f\u00fcr Verluste oder Sch\u00e4den die aus solchen \u00e4nderungen resultieren k\u00f6nnten.<\/p>\n<p>&#8211; Widerrufsbelehrung &#8211;<\/p>\n<p>Widerrufsrecht Sie k\u00f6nnen Ihre Vertragserkl\u00e4rung unter Nennung Ihrer Person innerhalb von zwei Wochen ohne Angabe von Gr\u00fcnden in Textform (z.B. Brief, Fax, E-Mail) oder durch R\u00fccksendung der Sache widerrufen. Die Frist beginnt fr\u00fchestens mit Erhalt dieser Belehrung; zur Wahrung der Frist gen\u00fcgt die rechtzeitige Absendung des Widerrufs oder der Sache. Der Widerruf ist zu richten an Stefan Wiesmeth.<\/p>\n<p>Stefan Wiesmeth, Rehsteig 22, 85101 Lenting, Deutschland, Tel. 089-44429970, email: contact@forks-newyork.com<\/p>\n<p>Widerrufsfolgen<br \/>\nIm Falle eines wirksamen Widerrufs sind die beiderseits empfangenen Leistungen zur\u00fcckzugew\u00e4hren und ggf. gezogene Nutzungen (z. B. Zinsen) herauszugeben. K\u00f6nnen Sie uns die empfangene Leistung ganz oder teilweise nicht oder nur in verschlechtertem Zustand zur\u00fcckgew\u00e4hren, m\u00fcssen Sie uns insoweit ggf. Wertersatz leisten. Bei der \u00fcberlassung von Sachen gilt dies nicht, wenn die Verschlechterung der Sache ausschliesslich auf deren Pr\u00fcfung &#8211; wie sie Ihnen etwa im Ladengesch\u00e4ft m\u00f6glich gewesen w\u00e4re &#8211; zur\u00fcckzuf\u00fchren ist. Im \u00fcbrigen k\u00f6nnen Sie die Wertersatzpflicht vermeiden, indem Sie die Sache nicht wie ein Eigent\u00fcmer in Gebrauch nehmen und alles unterlassen, was deren Wert beeintr\u00e4chtigt. Paketversandf\u00e4hige Sachen sind zur\u00fcckzusendenden. Sie haben die Kosten der R\u00fccksendung zu tragen, wenn die gelieferte Ware der bestellten entspricht und wenn der Preis der Sache einen Betrag von 40 Euro nicht \u00fcbersteigt oder wenn Sie bei einem h\u00f6heren Preis der Sache zum Zeitpunkt des Widerrufs noch nicht die Gegenleistung oder eine vertraglich vereinbarte Teilzahlung erbracht haben. Anderenfalls ist die R\u00fccksendung f\u00fcr Sie kostenfrei. Verpflichtungen zur Erstattung von Zahlungen m\u00fcssen Sie innerhalb von 30 Tagen nach Absendung Ihrer Widerrufserkl\u00e4rung erf\u00fcllen.<\/p>\n<p>&#8211; Ende der Widerrufsbelehrung &#8211;<\/p>\n<p>&nbsp;<\/p>\n<p>&nbsp;<\/p>\n","protected":false},"excerpt":{"rendered":"<p>Allgemeine Gesch\u00e4ftsbedingungen (AGB) mit Widerrufsbelehrung\u00a0 &nbsp; Diese Allgemeinen Gesch\u00e4ftsbedingungen gelten f\u00fcr alle Verk\u00e4ufe und Lieferungen. \u00a7 1 Geltung (1) Alle Lieferungen, Leistungen und Angebote des Verk\u00e4ufers erfolgen ausschliesslich auf Grund dieser allgemeinen Gesch\u00e4ftsbedingungen. Diese sind Bestandteil aller Vertr\u00e4ge, die wir mit unseren Kunden (nachfolgend auch K\u00e4ufer genannt) \u00fcber die von uns angebotenen Waren schliessen. (2) Unser Verkaufspersonal ist nicht berechtigt, m\u00fcndliche Vereinbarungen mit dem Kunden im Zusammenhang mit dem Vertrag zu treffen, die von dem Bestellformular oder diesen allgemeinen Gesch\u00e4ftsbedingungen abweichen. \u00a7 2 Angebot und Vertragsschluss (1) S\u00e4mtliche Angebote und Preisangeben in Prospekten, auf Websites, in Anzeigen und anderem Werbematerial,&#8230;<\/p>\n","protected":false},"author":1,"featured_media":0,"parent":0,"menu_order":0,"comment_status":"open","ping_status":"closed","template":"","meta":[],"yoast_head":"<!-- This site is optimized with the Yoast SEO plugin v21.0 - https:\/\/yoast.com\/wordpress\/plugins\/seo\/ -->\n<title>Official BLACKEYE Homepage | AGBs<\/title>\n<meta name=\"robots\" content=\"noindex, nofollow\" \/>\n<meta property=\"og:locale\" content=\"de_DE\" \/>\n<meta property=\"og:type\" content=\"article\" \/>\n<meta property=\"og:title\" content=\"Official BLACKEYE Homepage | AGBs\" \/>\n<meta property=\"og:description\" content=\"Allgemeine Gesch\u00e4ftsbedingungen (AGB) mit Widerrufsbelehrung\u00a0 &nbsp; Diese Allgemeinen Gesch\u00e4ftsbedingungen gelten f\u00fcr alle Verk\u00e4ufe und Lieferungen. \u00a7 1 Geltung (1) Alle Lieferungen, Leistungen und Angebote des Verk\u00e4ufers erfolgen ausschliesslich auf Grund dieser allgemeinen Gesch\u00e4ftsbedingungen. Diese sind Bestandteil aller Vertr\u00e4ge, die wir mit unseren Kunden (nachfolgend auch K\u00e4ufer genannt) \u00fcber die von uns angebotenen Waren schliessen. (2) Unser Verkaufspersonal ist nicht berechtigt, m\u00fcndliche Vereinbarungen mit dem Kunden im Zusammenhang mit dem Vertrag zu treffen, die von dem Bestellformular oder diesen allgemeinen Gesch\u00e4ftsbedingungen abweichen. \u00a7 2 Angebot und Vertragsschluss (1) S\u00e4mtliche Angebote und Preisangeben in Prospekten, auf Websites, in Anzeigen und anderem Werbematerial,...\" \/>\n<meta property=\"og:url\" content=\"https:\/\/www.blackeyeusa.com\/de\/agb\/\" \/>\n<meta property=\"og:site_name\" content=\"Official BLACKEYE Homepage\" \/>\n<meta property=\"article:modified_time\" content=\"2019-03-19T13:47:54+00:00\" \/>\n<meta name=\"twitter:card\" content=\"summary_large_image\" \/>\n<meta name=\"twitter:label1\" content=\"Gesch\u00e4tzte Lesezeit\" \/>\n\t<meta name=\"twitter:data1\" content=\"6\u00a0Minuten\" \/>\n<!-- \/ Yoast SEO plugin. -->","yoast_head_json":{"title":"Official BLACKEYE Homepage | AGBs","robots":{"index":"noindex","follow":"nofollow"},"og_locale":"de_DE","og_type":"article","og_title":"Official BLACKEYE Homepage | AGBs","og_description":"Allgemeine Gesch\u00e4ftsbedingungen (AGB) mit Widerrufsbelehrung\u00a0 &nbsp; Diese Allgemeinen Gesch\u00e4ftsbedingungen gelten f\u00fcr alle Verk\u00e4ufe und Lieferungen. \u00a7 1 Geltung (1) Alle Lieferungen, Leistungen und Angebote des Verk\u00e4ufers erfolgen ausschliesslich auf Grund dieser allgemeinen Gesch\u00e4ftsbedingungen. Diese sind Bestandteil aller Vertr\u00e4ge, die wir mit unseren Kunden (nachfolgend auch K\u00e4ufer genannt) \u00fcber die von uns angebotenen Waren schliessen. (2) Unser Verkaufspersonal ist nicht berechtigt, m\u00fcndliche Vereinbarungen mit dem Kunden im Zusammenhang mit dem Vertrag zu treffen, die von dem Bestellformular oder diesen allgemeinen Gesch\u00e4ftsbedingungen abweichen. \u00a7 2 Angebot und Vertragsschluss (1) S\u00e4mtliche Angebote und Preisangeben in Prospekten, auf Websites, in Anzeigen und anderem Werbematerial,...","og_url":"https:\/\/www.blackeyeusa.com\/de\/agb\/","og_site_name":"Official BLACKEYE Homepage","article_modified_time":"2019-03-19T13:47:54+00:00","twitter_card":"summary_large_image","twitter_misc":{"Gesch\u00e4tzte Lesezeit":"6\u00a0Minuten"},"schema":{"@context":"https:\/\/schema.org","@graph":[{"@type":"WebPage","@id":"https:\/\/www.blackeyeusa.com\/de\/agb\/","url":"https:\/\/www.blackeyeusa.com\/de\/agb\/","name":"Official BLACKEYE Homepage | AGBs","isPartOf":{"@id":"https:\/\/www.blackeyeusa.com\/#website"},"datePublished":"2014-10-11T08:43:26+00:00","dateModified":"2019-03-19T13:47:54+00:00","breadcrumb":{"@id":"https:\/\/www.blackeyeusa.com\/de\/agb\/#breadcrumb"},"inLanguage":"de","potentialAction":[{"@type":"ReadAction","target":["https:\/\/www.blackeyeusa.com\/de\/agb\/"]}]},{"@type":"BreadcrumbList","@id":"https:\/\/www.blackeyeusa.com\/de\/agb\/#breadcrumb","itemListElement":[{"@type":"ListItem","position":1,"name":"Home","item":"https:\/\/www.blackeyeusa.com\/de\/"},{"@type":"ListItem","position":2,"name":"AGBs"}]},{"@type":"WebSite","@id":"https:\/\/www.blackeyeusa.com\/#website","url":"https:\/\/www.blackeyeusa.com\/","name":"Official BLACKEYE Homepage","description":"Universal Camera Mounts for your Head and Helmet","potentialAction":[{"@type":"SearchAction","target":{"@type":"EntryPoint","urlTemplate":"https:\/\/www.blackeyeusa.com\/?s={search_term_string}"},"query-input":"required name=search_term_string"}],"inLanguage":"de"}]}},"_links":{"self":[{"href":"https:\/\/www.blackeyeusa.com\/de\/wp-json\/wp\/v2\/pages\/2134"}],"collection":[{"href":"https:\/\/www.blackeyeusa.com\/de\/wp-json\/wp\/v2\/pages"}],"about":[{"href":"https:\/\/www.blackeyeusa.com\/de\/wp-json\/wp\/v2\/types\/page"}],"author":[{"embeddable":true,"href":"https:\/\/www.blackeyeusa.com\/de\/wp-json\/wp\/v2\/users\/1"}],"replies":[{"embeddable":true,"href":"https:\/\/www.blackeyeusa.com\/de\/wp-json\/wp\/v2\/comments?post=2134"}],"version-history":[{"count":4,"href":"https:\/\/www.blackeyeusa.com\/de\/wp-json\/wp\/v2\/pages\/2134\/revisions"}],"predecessor-version":[{"id":4188,"href":"https:\/\/www.blackeyeusa.com\/de\/wp-json\/wp\/v2\/pages\/2134\/revisions\/4188"}],"wp:attachment":[{"href":"https:\/\/www.blackeyeusa.com\/de\/wp-json\/wp\/v2\/media?parent=2134"}],"curies":[{"name":"wp","href":"https:\/\/api.w.org\/{rel}","templated":true}]}}