{"id":2187,"date":"2014-11-20T14:33:13","date_gmt":"2014-11-20T14:33:13","guid":{"rendered":"http:\/\/www.forks-newyork.com\/?page_id=2187"},"modified":"2019-03-19T13:40:34","modified_gmt":"2019-03-19T13:40:34","slug":"versandkosten-und-lieferzeiten","status":"publish","type":"page","link":"https:\/\/www.blackeyeusa.com\/de\/versandkosten-und-lieferzeiten\/","title":{"rendered":"Versandkosten und Lieferzeiten"},"content":{"rendered":"<section class=\"wpb-content-wrapper\"><p>[vc_row css_animation=&#8220;&#8220; row_type=&#8220;row&#8220; type=&#8220;full_width&#8220; text_align=&#8220;left&#8220;][vc_column][vc_column_text]<\/p>\n<h2>Versandkosten und Lieferzeiten<\/h2>\n<p><strong>Unsere Standard Versandkosten sind EUR 4.90<br \/>\n<\/strong>Wir versenden in viele L\u00e4nder weltweit zu fairen Versandkosten. In unserm Online Shop k\u00f6nnen sie eine Liste der momentan verf\u00fcgbaren Ziell\u00e4nder einsehen. Sollten Sie einen Sonderwunsch bez\u00fcglich des Versands haben, schreiben Sie uns bitte eine email. So k\u00f6nnen wir ihnen am besten weiterhelfen.<\/p>\n<p><strong>Versand<br \/>\n<\/strong>Der weltweite Versand erfolgt mit der Deutschen Post. Das spart unseren Kunden Versandkosten, kann jedoch mehrere Tage bis zur Zustellung in Anspruch nehmen. In manche L\u00e4nder kann der Versand bis zu zehn oder vierzehn Tage dauern. (z.B. USA, Russland, Australien, Argentinien, Brasilien, usw. \u2026)<\/p>\n<p><strong>Versand ausserhalb der Europ\u00e4ischen Union<br \/>\n<\/strong>In Ihrem Zielland ausserhalb der EU k\u00f6nnen zus\u00e4tzliche Kosten f\u00fcr Zoll und Steuer \/ Mehrwertsteuer anfallen. In diesem Fall sind wir nicht verantwortlich f\u00fcr solche zus\u00e4tzlichen Kosten.<\/p>\n<p><strong>Sonderw\u00fcnsche<br \/>\n<\/strong>Sollten Sie Sonderw\u00fcnsche bez\u00fcglich St\u00fcckzahlen oder Expressversand haben, schreiben Sie uns bitte eine email. Wir freuen uns darauf Sie zu unterst\u00fctzen:<\/p>\n<p><a href=\"mailto:contact@blackeyeusa.com\">contact@blackeyeusa.com<\/a>[\/vc_column_text][\/vc_column][\/vc_row][vc_row css_animation=&#8220;&#8220; row_type=&#8220;row&#8220; type=&#8220;full_width&#8220; text_align=&#8220;left&#8220;][vc_column][vc_empty_space height=&#8220;150&#8243;][\/vc_column][\/vc_row]<\/p>\n<\/section>","protected":false},"excerpt":{"rendered":"<p>[vc_row css_animation=&#8220;&#8220; row_type=&#8220;row&#8220; type=&#8220;full_width&#8220; text_align=&#8220;left&#8220;][vc_column][vc_column_text] Versandkosten und Lieferzeiten Unsere Standard Versandkosten sind EUR 4.90 Wir versenden in viele L\u00e4nder weltweit zu fairen Versandkosten. In unserm Online Shop k\u00f6nnen sie eine Liste der momentan verf\u00fcgbaren Ziell\u00e4nder einsehen. Sollten Sie einen Sonderwunsch bez\u00fcglich des Versands haben, schreiben Sie uns bitte eine email. So k\u00f6nnen wir ihnen am besten weiterhelfen. Versand Der weltweite Versand erfolgt mit der Deutschen Post. Das spart unseren Kunden Versandkosten, kann jedoch mehrere Tage bis zur Zustellung in Anspruch nehmen. In manche L\u00e4nder kann der Versand bis zu zehn oder vierzehn Tage dauern. (z.B. USA, Russland, Australien, Argentinien, Brasilien,&#8230;<\/p>\n","protected":false},"author":1,"featured_media":0,"parent":0,"menu_order":0,"comment_status":"open","ping_status":"closed","template":"","meta":[],"yoast_head":"<!-- This site is optimized with the Yoast SEO plugin v21.0 - https:\/\/yoast.com\/wordpress\/plugins\/seo\/ -->\n<title>Official BLACKEYE Homepage | Versandkosten und Lieferzeiten<\/title>\n<meta name=\"robots\" content=\"noindex, nofollow\" \/>\n<meta property=\"og:locale\" content=\"de_DE\" \/>\n<meta property=\"og:type\" content=\"article\" \/>\n<meta property=\"og:title\" content=\"Official BLACKEYE Homepage | Versandkosten und Lieferzeiten\" \/>\n<meta property=\"og:description\" content=\"[vc_row css_animation=&#8220;&#8220; row_type=&#8220;row&#8220; type=&#8220;full_width&#8220; text_align=&#8220;left&#8220;][vc_column][vc_column_text] Versandkosten und Lieferzeiten Unsere Standard Versandkosten sind EUR 4.90 Wir versenden in viele L\u00e4nder weltweit zu fairen Versandkosten. In unserm Online Shop k\u00f6nnen sie eine Liste der momentan verf\u00fcgbaren Ziell\u00e4nder einsehen. Sollten Sie einen Sonderwunsch bez\u00fcglich des Versands haben, schreiben Sie uns bitte eine email. So k\u00f6nnen wir ihnen am besten weiterhelfen. Versand Der weltweite Versand erfolgt mit der Deutschen Post. Das spart unseren Kunden Versandkosten, kann jedoch mehrere Tage bis zur Zustellung in Anspruch nehmen. In manche L\u00e4nder kann der Versand bis zu zehn oder vierzehn Tage dauern. (z.B. USA, Russland, Australien, Argentinien, Brasilien,...\" \/>\n<meta property=\"og:url\" content=\"https:\/\/www.blackeyeusa.com\/de\/versandkosten-und-lieferzeiten\/\" \/>\n<meta property=\"og:site_name\" content=\"Official BLACKEYE Homepage\" \/>\n<meta property=\"article:modified_time\" content=\"2019-03-19T13:40:34+00:00\" \/>\n<meta name=\"twitter:card\" content=\"summary_large_image\" \/>\n<meta name=\"twitter:label1\" content=\"Gesch\u00e4tzte Lesezeit\" \/>\n\t<meta name=\"twitter:data1\" content=\"1\u00a0Minute\" \/>\n<!-- \/ Yoast SEO plugin. -->","yoast_head_json":{"title":"Official BLACKEYE Homepage | Versandkosten und Lieferzeiten","robots":{"index":"noindex","follow":"nofollow"},"og_locale":"de_DE","og_type":"article","og_title":"Official BLACKEYE Homepage | Versandkosten und Lieferzeiten","og_description":"[vc_row css_animation=&#8220;&#8220; row_type=&#8220;row&#8220; type=&#8220;full_width&#8220; text_align=&#8220;left&#8220;][vc_column][vc_column_text] Versandkosten und Lieferzeiten Unsere Standard Versandkosten sind EUR 4.90 Wir versenden in viele L\u00e4nder weltweit zu fairen Versandkosten. In unserm Online Shop k\u00f6nnen sie eine Liste der momentan verf\u00fcgbaren Ziell\u00e4nder einsehen. Sollten Sie einen Sonderwunsch bez\u00fcglich des Versands haben, schreiben Sie uns bitte eine email. So k\u00f6nnen wir ihnen am besten weiterhelfen. Versand Der weltweite Versand erfolgt mit der Deutschen Post. Das spart unseren Kunden Versandkosten, kann jedoch mehrere Tage bis zur Zustellung in Anspruch nehmen. In manche L\u00e4nder kann der Versand bis zu zehn oder vierzehn Tage dauern. (z.B. USA, Russland, Australien, Argentinien, Brasilien,...","og_url":"https:\/\/www.blackeyeusa.com\/de\/versandkosten-und-lieferzeiten\/","og_site_name":"Official BLACKEYE Homepage","article_modified_time":"2019-03-19T13:40:34+00:00","twitter_card":"summary_large_image","twitter_misc":{"Gesch\u00e4tzte Lesezeit":"1\u00a0Minute"},"schema":{"@context":"https:\/\/schema.org","@graph":[{"@type":"WebPage","@id":"https:\/\/www.blackeyeusa.com\/de\/versandkosten-und-lieferzeiten\/","url":"https:\/\/www.blackeyeusa.com\/de\/versandkosten-und-lieferzeiten\/","name":"Official BLACKEYE Homepage | Versandkosten und Lieferzeiten","isPartOf":{"@id":"https:\/\/www.blackeyeusa.com\/#website"},"datePublished":"2014-11-20T14:33:13+00:00","dateModified":"2019-03-19T13:40:34+00:00","breadcrumb":{"@id":"https:\/\/www.blackeyeusa.com\/de\/versandkosten-und-lieferzeiten\/#breadcrumb"},"inLanguage":"de","potentialAction":[{"@type":"ReadAction","target":["https:\/\/www.blackeyeusa.com\/de\/versandkosten-und-lieferzeiten\/"]}]},{"@type":"BreadcrumbList","@id":"https:\/\/www.blackeyeusa.com\/de\/versandkosten-und-lieferzeiten\/#breadcrumb","itemListElement":[{"@type":"ListItem","position":1,"name":"Home","item":"https:\/\/www.blackeyeusa.com\/de\/"},{"@type":"ListItem","position":2,"name":"Versandkosten und Lieferzeiten"}]},{"@type":"WebSite","@id":"https:\/\/www.blackeyeusa.com\/#website","url":"https:\/\/www.blackeyeusa.com\/","name":"Official BLACKEYE Homepage","description":"Universal Camera Mounts for your Head and Helmet","potentialAction":[{"@type":"SearchAction","target":{"@type":"EntryPoint","urlTemplate":"https:\/\/www.blackeyeusa.com\/?s={search_term_string}"},"query-input":"required name=search_term_string"}],"inLanguage":"de"}]}},"_links":{"self":[{"href":"https:\/\/www.blackeyeusa.com\/de\/wp-json\/wp\/v2\/pages\/2187"}],"collection":[{"href":"https:\/\/www.blackeyeusa.com\/de\/wp-json\/wp\/v2\/pages"}],"about":[{"href":"https:\/\/www.blackeyeusa.com\/de\/wp-json\/wp\/v2\/types\/page"}],"author":[{"embeddable":true,"href":"https:\/\/www.blackeyeusa.com\/de\/wp-json\/wp\/v2\/users\/1"}],"replies":[{"embeddable":true,"href":"https:\/\/www.blackeyeusa.com\/de\/wp-json\/wp\/v2\/comments?post=2187"}],"version-history":[{"count":5,"href":"https:\/\/www.blackeyeusa.com\/de\/wp-json\/wp\/v2\/pages\/2187\/revisions"}],"predecessor-version":[{"id":4174,"href":"https:\/\/www.blackeyeusa.com\/de\/wp-json\/wp\/v2\/pages\/2187\/revisions\/4174"}],"wp:attachment":[{"href":"https:\/\/www.blackeyeusa.com\/de\/wp-json\/wp\/v2\/media?parent=2187"}],"curies":[{"name":"wp","href":"https:\/\/api.w.org\/{rel}","templated":true}]}}