{"id":275,"date":"2014-10-13T09:46:11","date_gmt":"2014-10-13T09:46:11","guid":{"rendered":"http:\/\/www.forks-newyork.com\/?page_id=275"},"modified":"2019-03-19T17:55:41","modified_gmt":"2019-03-19T17:55:41","slug":"so-funktioniert-die-kamera-helm-halterung","status":"publish","type":"page","link":"https:\/\/www.blackeyeusa.com\/de\/so-funktioniert-die-kamera-helm-halterung\/","title":{"rendered":"HIW Helm Halterung"},"content":{"rendered":"<section class=\"wpb-content-wrapper\"><p>[vc_row row_type=&#8220;row&#8220; type=&#8220;full_width&#8220; text_align=&#8220;left&#8220; css_animation=&#8220;&#8220;][vc_column css=&#8220;.vc_custom_1413199977384{margin-bottom: 20px !important;}&#8220;][vc_single_image image=&#8220;277&#8243; img_size=&#8220;700&#215;625&#8243; alignment=&#8220;center&#8220; qode_css_animation=&#8220;&#8220;][\/vc_column][\/vc_row][vc_row row_type=&#8220;row&#8220; type=&#8220;full_width&#8220; text_align=&#8220;left&#8220; css_animation=&#8220;&#8220;][vc_column][vc_separator type=&#8220;full_width&#8220; color=&#8220;#b5b5b5&#8243; thickness=&#8220;1&#8243; up=&#8220;30&#8243; down=&#8220;30&#8243;][\/vc_column][\/vc_row][vc_row row_type=&#8220;row&#8220; type=&#8220;full_width&#8220; text_align=&#8220;left&#8220; css_animation=&#8220;&#8220;][vc_column width=&#8220;1\/2&#8243; css=&#8220;.vc_custom_1413199768225{margin-top: 40px !important;}&#8220;][vc_single_image image=&#8220;206&#8243; img_size=&#8220;335&#215;350&#8243; alignment=&#8220;center&#8220; qode_css_animation=&#8220;&#8220;][vc_column_text]<\/p>\n<p>Den Winkel der Kamera kannst du in jede Richtung einstellen. Dabei hast du Variationsm\u00f6glichkeiten von fast 90Grad zur Verf\u00fcgung. Du findest also mit Sicherheit den Winkel den du f\u00fcr deine Sportart oder Aktivit\u00e4t brauchst.<\/p>\n<p>[\/vc_column_text][\/vc_column][vc_column width=&#8220;1\/2&#8243; css=&#8220;.vc_custom_1413199775964{margin-top: 40px !important;}&#8220;][vc_single_image image=&#8220;203&#8243; img_size=&#8220;335&#215;350&#8243; alignment=&#8220;center&#8220; qode_css_animation=&#8220;&#8220;][vc_column_text]<\/p>\n<p>Befestige die Kamera auf der Plattform und verstelle den Shift-Stop B\u00fcgel so, dass er das Kamerageh\u00e4use leicht ber\u00fchrt. Der B\u00fcgel verhindert das unabsichtliche Verdrehen der Kamera &#8211; etwa falls die Stativschraube zu locker sitzt. Die Gummiringe auf dem B\u00fcgel schonen die Oberfl\u00e4chen deiner Kamera.<\/p>\n<p>[\/vc_column_text][\/vc_column][\/vc_row][vc_row row_type=&#8220;row&#8220; type=&#8220;full_width&#8220; text_align=&#8220;left&#8220; css_animation=&#8220;&#8220;][vc_column width=&#8220;1\/2&#8243; css=&#8220;.vc_custom_1413199786476{margin-top: 40px !important;}&#8220;][vc_single_image image=&#8220;216&#8243; img_size=&#8220;335&#215;250&#8243; alignment=&#8220;center&#8220; qode_css_animation=&#8220;&#8220; css=&#8220;.vc_custom_1413290546254{margin-top: 30px !important;}&#8220;][\/vc_column][vc_column width=&#8220;1\/2&#8243; css=&#8220;.vc_custom_1413199946248{margin-top: 40px !important;margin-bottom: 60px !important;}&#8220;][vc_column_text]<strong>Helme und Helmadapter<\/strong><\/p>\n<p>Der Helmadapter wird mittig auf den Helm geklebt und stellt die Verbindung her zwischen Helm und Kamerahalter. W\u00e4hle zum Aufkleben eine Stelle, an der die Kr\u00fcmmung des Helmes, und die an der Unterseite des Adapters m\u00f6glichst gut zueinander passen. (Da Helmformen sehr unterschiedlich sein k\u00f6nnen , liefern wir unser Produkt immer mit zwei unterschiedlich gekr\u00fcmmten Helmadaptern).<\/p>\n<p>Wenn du gerade nicht filmst, kannst du den Helmadapter (&#8230;wie bei normalen Action Kameras auch&#8230;) einfach auf deinem Helm belassen und bei der n\u00e4chsten Gelegenheit wieder benutzen. Der Helmadapter ist nicht sonderlich gross und st\u00f6rt daher nicht.[\/vc_column_text][\/vc_column][\/vc_row][vc_row row_type=&#8220;row&#8220; type=&#8220;full_width&#8220; text_align=&#8220;left&#8220; css_animation=&#8220;&#8220;][vc_column][vc_separator type=&#8220;normal&#8220; color=&#8220;#b5b5b5&#8243; thickness=&#8220;1&#8243; up=&#8220;30&#8243; down=&#8220;30&#8243;][\/vc_column][\/vc_row][vc_row row_type=&#8220;row&#8220; type=&#8220;full_width&#8220; text_align=&#8220;left&#8220; css_animation=&#8220;&#8220;][vc_column width=&#8220;1\/2&#8243; css=&#8220;.vc_custom_1413201216202{margin-top: 40px !important;}&#8220;][vc_single_image image=&#8220;225&#8243; img_size=&#8220;335&#215;280&#8243; alignment=&#8220;center&#8220; qode_css_animation=&#8220;&#8220;][vc_column_text css=&#8220;.vc_custom_1413290171074{margin-top: 40px !important;}&#8220;]<strong>Skala zum Einstellen ganz ohne Werkzeug<\/strong><\/p>\n<p>Je nach Einsatzbereich kannst du den Winkel der Kamera verstellen. Die Skala und die Fl\u00fcgelschrauben machen es dir einfach deine vorherigen Einstellungen wieder herzustellen.<\/p>\n<p>Zum Beispiel nachdem du die Halterung auf einem anderen Helm benutzt hast oder du sie anderweitig eingesetzt hast.[\/vc_column_text][vc_empty_space height=&#8220;40&#8243;][\/vc_column][vc_column width=&#8220;1\/2&#8243; css=&#8220;.vc_custom_1413228000913{margin-top: 30px !important;margin-bottom: 50px !important;}&#8220;][vc_column_text css=&#8220;.vc_custom_1413290199045{margin-bottom: 50px !important;}&#8220;]<strong>Original 3M \u00ae Klebetechnologie zur sicheren Befestigung am Helm<\/strong><\/p>\n<p>Unsere Helmadapter werden mit Klebepads aus original 3M\u00ae Material geliefert. Dabei handelt es sich um die gleiche Klebetechnologie wie sie bei den meisten handels\u00fcblichen Action Kameras (z.B. Go Pro \u00ae) Verwendung findet. Die Helmadapter kannst du mit Hilfe der Klebepads mittig auf den Helm kleben. Einmal aufgeklebt entfalten Sie ihre volle Haftkraft nach ca 24 Stunden. Sie sind extrem belastbar, gleichen kleine Unebenheiten aus und sind vollst\u00e4ndig wieder l\u00f6sbar.<\/p>\n<p>Unsere Klebepads und Helmadapter k\u00f6nnen jederzeit als Zubeh\u00f6r bestellt oder gekauft werden. Die Klebepads haben eine Gr\u00f6sse von 34x44mm und eignen sich damit auch bestens f\u00fcr andere Action Kameras.[\/vc_column_text][vc_single_image image=&#8220;228&#8243; img_size=&#8220;335&#215;230&#8243; alignment=&#8220;center&#8220; qode_css_animation=&#8220;&#8220;][\/vc_column][\/vc_row][vc_row row_type=&#8220;row&#8220; type=&#8220;full_width&#8220; text_align=&#8220;left&#8220; css_animation=&#8220;&#8220;][vc_column][vc_separator type=&#8220;normal&#8220; color=&#8220;#b5b5b5&#8243; thickness=&#8220;1&#8243; up=&#8220;30&#8243; down=&#8220;30&#8243;][\/vc_column][\/vc_row][vc_row row_type=&#8220;row&#8220; type=&#8220;full_width&#8220; text_align=&#8220;left&#8220; css_animation=&#8220;&#8220;][vc_column width=&#8220;1\/2&#8243; css=&#8220;.vc_custom_1413199786476{margin-top: 40px !important;}&#8220;][vc_single_image image=&#8220;235&#8243; img_size=&#8220;335&#215;580&#8243; alignment=&#8220;center&#8220; qode_css_animation=&#8220;&#8220;][\/vc_column][vc_column width=&#8220;1\/2&#8243; css=&#8220;.vc_custom_1413228023136{margin-top: 30px !important;margin-bottom: 30px !important;}&#8220;][vc_column_text css=&#8220;.vc_custom_1413290251351{margin-bottom: 40px !important;}&#8220;]<strong>Sekundenschnelles Aufstecken und Abnehmen der Kamera<\/strong><\/p>\n<p>Schiebe den Schlitten des Kamerahalter auf den Helmadapter bis du den Verschlussmechanismus klicken h\u00f6rst. Jetzt ist deine Kamera gesichert und sitzt fest auf dem Helmadapter.<\/p>\n<p>Zum schnellen Abnehmen des Kamerahalters dr\u00fccke den Entriegelungsknopf des Mechanismus und ziehe den Kamerahalter vom Adapter.[\/vc_column_text][vc_single_image image=&#8220;237&#8243; img_size=&#8220;335&#215;280&#8243; alignment=&#8220;center&#8220; qode_css_animation=&#8220;&#8220;][\/vc_column][\/vc_row][vc_row row_type=&#8220;row&#8220; type=&#8220;full_width&#8220; text_align=&#8220;left&#8220; css_animation=&#8220;&#8220;][vc_column][vc_separator type=&#8220;normal&#8220; color=&#8220;#b5b5b5&#8243; thickness=&#8220;1&#8243; up=&#8220;30&#8243; down=&#8220;30&#8243;][\/vc_column][\/vc_row][vc_row row_type=&#8220;row&#8220; type=&#8220;full_width&#8220; text_align=&#8220;left&#8220; css_animation=&#8220;&#8220;][vc_column width=&#8220;1\/2&#8243; css=&#8220;.vc_custom_1413228063806{margin-top: 30px !important;margin-bottom: 30px !important;}&#8220;][vc_column_text css=&#8220;.vc_custom_1413290280467{margin-bottom: 40px !important;}&#8220;]<strong>Sicherungsleine mit Karabiner<\/strong><\/p>\n<p>Im Lieferumfang enthalten ist eine Sicherungsleine die am Helmadapter oder auch am Kameratr\u00e4ger befestigt werden kann. W\u00e4hle je nach Einsatz eine Art der Befestigung, die f\u00fcr dich am Besten funktioniert und bei der du dich am wohlsten f\u00fchlst. Den Karabiner kannst du bequem am Helmgurt oder an deiner Kleidung einh\u00e4ngen.[\/vc_column_text][vc_single_image image=&#8220;244&#8243; img_size=&#8220;335&#215;400&#8243; alignment=&#8220;center&#8220; qode_css_animation=&#8220;&#8220;][\/vc_column][vc_column width=&#8220;1\/2&#8243; css=&#8220;.vc_custom_1413200738631{margin-top: 40px !important;margin-bottom: 60px !important;}&#8220;][vc_single_image image=&#8220;247&#8243; img_size=&#8220;335&#215;580&#8243; alignment=&#8220;center&#8220; qode_css_animation=&#8220;&#8220;][\/vc_column][\/vc_row][vc_row row_type=&#8220;row&#8220; type=&#8220;full_width&#8220; text_align=&#8220;left&#8220; css_animation=&#8220;&#8220;][vc_column][vc_separator type=&#8220;normal&#8220; color=&#8220;#b5b5b5&#8243; thickness=&#8220;1&#8243; up=&#8220;30&#8243; down=&#8220;30&#8243;][\/vc_column][\/vc_row][vc_row row_type=&#8220;row&#8220; type=&#8220;full_width&#8220; text_align=&#8220;left&#8220; css_animation=&#8220;&#8220;][vc_column width=&#8220;1\/2&#8243; css=&#8220;.vc_custom_1413209189770{margin-top: 50px !important;}&#8220;][vc_single_image image=&#8220;281&#8243; img_size=&#8220;335&#215;350&#8243; alignment=&#8220;center&#8220; qode_css_animation=&#8220;&#8220;][\/vc_column][vc_column width=&#8220;1\/2&#8243; css=&#8220;.vc_custom_1413208120740{margin-top: 30px !important;margin-bottom: 40px !important;}&#8220;][vc_column_text css=&#8220;.vc_custom_1553018134875{margin-bottom: 40px !important;}&#8220;]Speziell entwickelt f\u00fcr beinahe jede moderne Kompaktkamera mit Videofunktion<\/p>\n<p>Ideal f\u00fcr alle Kompaktkameras mit bis zu 27mm Tiefe und 105mm Breite. Passend f\u00fcr Kameras von PANASONIC \u00ae, CANON \u00ae, FUJI \u00ae, OLYMPUS \u00ae, RICOH\u00ae, usw. Und nat\u00fcrlich auch viele Kameras von anderen Herstellern.<\/p>\n<p><a href=\"..\/wp-content\/uploads\/2019\/03\/kamera-plattform-masse.jpg\">Klick hier um mehr \u00fcber die Abmessungen zu erfahren&#8230;<\/a>[\/vc_column_text][vc_single_image image=&#8220;261&#8243; img_size=&#8220;335&#215;140&#8243; alignment=&#8220;center&#8220; qode_css_animation=&#8220;&#8220;][vc_column_text]<\/p>\n<p>Standard Stativgewinde am Boden deiner Kamera zum Befestigen der Kamera an der Kopfhalterung.<\/p>\n<p>[\/vc_column_text][\/vc_column][\/vc_row][vc_row row_type=&#8220;row&#8220; type=&#8220;full_width&#8220; text_align=&#8220;center&#8220; css_animation=&#8220;&#8220;][vc_column][vc_column_text]<\/p>\n<p>*Obenstehenden Masse sind Empfehlungen. Gr\u00f6ssere Kameras k\u00f6nnen durchaus passen. Frage deinen H\u00e4ndler.<\/p>\n<p>[\/vc_column_text][\/vc_column][\/vc_row][vc_row row_type=&#8220;row&#8220; type=&#8220;full_width&#8220; text_align=&#8220;left&#8220; css_animation=&#8220;&#8220;][vc_column][vc_separator type=&#8220;normal&#8220; color=&#8220;#b5b5b5&#8243; thickness=&#8220;1&#8243; up=&#8220;30&#8243; down=&#8220;30&#8243;][\/vc_column][\/vc_row][vc_row row_type=&#8220;row&#8220; type=&#8220;full_width&#8220; text_align=&#8220;center&#8220; css_animation=&#8220;&#8220;][vc_column][vc_column_text]<\/p>\n<p>Bilder k\u00f6nnen in Detail und Farbe vom Original abweichen.<\/p>\n<p>[\/vc_column_text][\/vc_column][\/vc_row][vc_row row_type=&#8220;row&#8220; type=&#8220;full_width&#8220; text_align=&#8220;left&#8220; css_animation=&#8220;&#8220;][vc_column][vc_empty_space height=&#8220;100&#8243;][\/vc_column][\/vc_row]<\/p>\n<\/section>","protected":false},"excerpt":{"rendered":"<p>[vc_row row_type=&#8220;row&#8220; type=&#8220;full_width&#8220; text_align=&#8220;left&#8220; css_animation=&#8220;&#8220;][vc_column css=&#8220;.vc_custom_1413199977384{margin-bottom: 20px !important;}&#8220;][vc_single_image image=&#8220;277&#8243; img_size=&#8220;700&#215;625&#8243; alignment=&#8220;center&#8220; qode_css_animation=&#8220;&#8220;][\/vc_column][\/vc_row][vc_row row_type=&#8220;row&#8220; type=&#8220;full_width&#8220; text_align=&#8220;left&#8220; css_animation=&#8220;&#8220;][vc_column][vc_separator type=&#8220;full_width&#8220; color=&#8220;#b5b5b5&#8243; thickness=&#8220;1&#8243; up=&#8220;30&#8243; down=&#8220;30&#8243;][\/vc_column][\/vc_row][vc_row row_type=&#8220;row&#8220; type=&#8220;full_width&#8220; text_align=&#8220;left&#8220; css_animation=&#8220;&#8220;][vc_column width=&#8220;1\/2&#8243; css=&#8220;.vc_custom_1413199768225{margin-top: 40px !important;}&#8220;][vc_single_image image=&#8220;206&#8243; img_size=&#8220;335&#215;350&#8243; alignment=&#8220;center&#8220; qode_css_animation=&#8220;&#8220;][vc_column_text] Den Winkel der Kamera kannst du in jede Richtung einstellen. Dabei hast du Variationsm\u00f6glichkeiten von fast 90Grad zur Verf\u00fcgung. Du findest also mit Sicherheit den Winkel den du f\u00fcr deine Sportart oder Aktivit\u00e4t brauchst. [\/vc_column_text][\/vc_column][vc_column width=&#8220;1\/2&#8243; css=&#8220;.vc_custom_1413199775964{margin-top: 40px !important;}&#8220;][vc_single_image image=&#8220;203&#8243; img_size=&#8220;335&#215;350&#8243; alignment=&#8220;center&#8220; qode_css_animation=&#8220;&#8220;][vc_column_text] Befestige die Kamera auf der Plattform und verstelle den Shift-Stop B\u00fcgel so, dass er das Kamerageh\u00e4use leicht ber\u00fchrt. Der B\u00fcgel verhindert das unabsichtliche Verdrehen&#8230;<\/p>\n","protected":false},"author":1,"featured_media":0,"parent":0,"menu_order":0,"comment_status":"open","ping_status":"closed","template":"","meta":[],"yoast_head":"<!-- This site is optimized with the Yoast SEO plugin v21.0 - https:\/\/yoast.com\/wordpress\/plugins\/seo\/ -->\n<title>Official BLACKEYE Homepage | HIW Helm Halterung<\/title>\n<meta name=\"description\" content=\"Learn how our Universal Helmet Clip Mount works. How to attach it to your helmet. How to secure your camere. A great accessory for digital cameras.\" \/>\n<meta name=\"robots\" content=\"index, follow, max-snippet:-1, max-image-preview:large, max-video-preview:-1\" \/>\n<link rel=\"canonical\" href=\"https:\/\/www.blackeyeusa.com\/de\/so-funktioniert-die-kamera-helm-halterung\/\" \/>\n<meta property=\"og:locale\" content=\"de_DE\" \/>\n<meta property=\"og:type\" content=\"article\" \/>\n<meta property=\"og:title\" content=\"Official BLACKEYE Homepage | HIW Helm Halterung\" \/>\n<meta property=\"og:description\" content=\"Learn how our Universal Helmet Clip Mount works. How to attach it to your helmet. How to secure your camere. A great accessory for digital cameras.\" \/>\n<meta property=\"og:url\" content=\"https:\/\/www.blackeyeusa.com\/de\/so-funktioniert-die-kamera-helm-halterung\/\" \/>\n<meta property=\"og:site_name\" content=\"Official BLACKEYE Homepage\" \/>\n<meta property=\"article:modified_time\" content=\"2019-03-19T17:55:41+00:00\" \/>\n<meta name=\"twitter:card\" content=\"summary_large_image\" \/>\n<meta name=\"twitter:label1\" content=\"Gesch\u00e4tzte Lesezeit\" \/>\n\t<meta name=\"twitter:data1\" content=\"7\u00a0Minuten\" \/>\n<!-- \/ Yoast SEO plugin. -->","yoast_head_json":{"title":"Official BLACKEYE Homepage | HIW Helm Halterung","description":"Learn how our Universal Helmet Clip Mount works. How to attach it to your helmet. How to secure your camere. A great accessory for digital cameras.","robots":{"index":"index","follow":"follow","max-snippet":"max-snippet:-1","max-image-preview":"max-image-preview:large","max-video-preview":"max-video-preview:-1"},"canonical":"https:\/\/www.blackeyeusa.com\/de\/so-funktioniert-die-kamera-helm-halterung\/","og_locale":"de_DE","og_type":"article","og_title":"Official BLACKEYE Homepage | HIW Helm Halterung","og_description":"Learn how our Universal Helmet Clip Mount works. How to attach it to your helmet. How to secure your camere. A great accessory for digital cameras.","og_url":"https:\/\/www.blackeyeusa.com\/de\/so-funktioniert-die-kamera-helm-halterung\/","og_site_name":"Official BLACKEYE Homepage","article_modified_time":"2019-03-19T17:55:41+00:00","twitter_card":"summary_large_image","twitter_misc":{"Gesch\u00e4tzte Lesezeit":"7\u00a0Minuten"},"schema":{"@context":"https:\/\/schema.org","@graph":[{"@type":"WebPage","@id":"https:\/\/www.blackeyeusa.com\/de\/so-funktioniert-die-kamera-helm-halterung\/","url":"https:\/\/www.blackeyeusa.com\/de\/so-funktioniert-die-kamera-helm-halterung\/","name":"Official BLACKEYE Homepage | HIW Helm Halterung","isPartOf":{"@id":"https:\/\/www.blackeyeusa.com\/#website"},"datePublished":"2014-10-13T09:46:11+00:00","dateModified":"2019-03-19T17:55:41+00:00","description":"Learn how our Universal Helmet Clip Mount works. How to attach it to your helmet. How to secure your camere. A great accessory for digital cameras.","breadcrumb":{"@id":"https:\/\/www.blackeyeusa.com\/de\/so-funktioniert-die-kamera-helm-halterung\/#breadcrumb"},"inLanguage":"de","potentialAction":[{"@type":"ReadAction","target":["https:\/\/www.blackeyeusa.com\/de\/so-funktioniert-die-kamera-helm-halterung\/"]}]},{"@type":"BreadcrumbList","@id":"https:\/\/www.blackeyeusa.com\/de\/so-funktioniert-die-kamera-helm-halterung\/#breadcrumb","itemListElement":[{"@type":"ListItem","position":1,"name":"Home","item":"https:\/\/www.blackeyeusa.com\/de\/"},{"@type":"ListItem","position":2,"name":"HIW Helm Halterung"}]},{"@type":"WebSite","@id":"https:\/\/www.blackeyeusa.com\/#website","url":"https:\/\/www.blackeyeusa.com\/","name":"Official BLACKEYE Homepage","description":"Universal Camera Mounts for your Head and Helmet","potentialAction":[{"@type":"SearchAction","target":{"@type":"EntryPoint","urlTemplate":"https:\/\/www.blackeyeusa.com\/?s={search_term_string}"},"query-input":"required name=search_term_string"}],"inLanguage":"de"}]}},"_links":{"self":[{"href":"https:\/\/www.blackeyeusa.com\/de\/wp-json\/wp\/v2\/pages\/275"}],"collection":[{"href":"https:\/\/www.blackeyeusa.com\/de\/wp-json\/wp\/v2\/pages"}],"about":[{"href":"https:\/\/www.blackeyeusa.com\/de\/wp-json\/wp\/v2\/types\/page"}],"author":[{"embeddable":true,"href":"https:\/\/www.blackeyeusa.com\/de\/wp-json\/wp\/v2\/users\/1"}],"replies":[{"embeddable":true,"href":"https:\/\/www.blackeyeusa.com\/de\/wp-json\/wp\/v2\/comments?post=275"}],"version-history":[{"count":4,"href":"https:\/\/www.blackeyeusa.com\/de\/wp-json\/wp\/v2\/pages\/275\/revisions"}],"predecessor-version":[{"id":4480,"href":"https:\/\/www.blackeyeusa.com\/de\/wp-json\/wp\/v2\/pages\/275\/revisions\/4480"}],"wp:attachment":[{"href":"https:\/\/www.blackeyeusa.com\/de\/wp-json\/wp\/v2\/media?parent=275"}],"curies":[{"name":"wp","href":"https:\/\/api.w.org\/{rel}","templated":true}]}}