{"id":3237,"date":"2015-06-18T14:33:34","date_gmt":"2015-06-18T14:33:34","guid":{"rendered":"http:\/\/www.blackeyeusa.com\/?page_id=3237"},"modified":"2020-08-18T10:41:57","modified_gmt":"2020-08-18T10:41:57","slug":"blackeye-action-kameras","status":"publish","type":"page","link":"https:\/\/www.blackeyeusa.com\/de\/blackeye-action-kameras\/","title":{"rendered":"Blackeye Two Action Kamera"},"content":{"rendered":"<section class=\"wpb-content-wrapper\"><p>[vc_row row_type=&#8220;row&#8220; type=&#8220;grid&#8220; text_align=&#8220;left&#8220; background_image=&#8220;3136&#8243; css_animation=&#8220;&#8220;][vc_column][\/vc_column][vc_column width=&#8220;1\/2&#8243;][vc_single_image image=&#8220;3186&#8243; img_size=&#8220;530&#215;185&#8243; alignment=&#8220;center&#8220; qode_css_animation=&#8220;&#8220; css=&#8220;.vc_custom_1434633498756{margin-top: 120px !important;margin-right: 50px !important;}&#8220;][vc_empty_space height=&#8220;70px&#8220;][\/vc_column][vc_column width=&#8220;1\/2&#8243;][vc_single_image image=&#8220;3196&#8243; img_size=&#8220;540&#215;520&#8243; alignment=&#8220;center&#8220; qode_css_animation=&#8220;&#8220; css=&#8220;.vc_custom_1434633406674{margin-top: -40px !important;margin-bottom: -5px !important;}&#8220;][\/vc_column][\/vc_row][vc_row row_type=&#8220;row&#8220; type=&#8220;full_width&#8220; text_align=&#8220;left&#8220; background_color=&#8220;#000000&#8243; css_animation=&#8220;&#8220; css=&#8220;.vc_custom_1434633624269{padding-top: 110px !important;}&#8220;][vc_column][\/vc_column][vc_column width=&#8220;1\/3&#8243;][vc_single_image image=&#8220;3188&#8243; img_size=&#8220;535&#215;425&#8243; alignment=&#8220;center&#8220; qode_css_animation=&#8220;&#8220; img_link_large=&#8220;yes&#8220; css=&#8220;.vc_custom_1434635197240{padding-right: 30px !important;padding-left: 30px !important;}&#8220;][vc_empty_space height=&#8220;110px&#8220;][\/vc_column][vc_column width=&#8220;1\/3&#8243; css=&#8220;.vc_custom_1434634675479{padding-right: 40px !important;padding-left: 40px !important;}&#8220;][vc_column_text]<\/p>\n<h2 style=\"text-align: center;\"><span style=\"color: #ffffff;\">BLACKEYE TWO&#x2122;<\/span><\/h2>\n<p style=\"text-align: center;\"><span style=\"color: #ffffff;\"><strong>BLACKEYE TWO&#x2122; war eine der am meisten ausgezeichneten Helmkameras auf dem Markt.\u00a0Wir haben unsere erste Blackeye TWO&#x2122; Action Kamera im Jahr 2005 entwickelt und produziert.\u00a0Zu einer Zeit, als GoPro\u00ae noch nicht existierte und Action Filmen oder YouTube\u00ae noch wenig bekannt waren.<\/strong><\/span><\/p>\n<p>[\/vc_column_text][vc_empty_space height=&#8220;110px&#8220;][\/vc_column][vc_column width=&#8220;1\/3&#8243;][vc_single_image image=&#8220;3190&#8243; img_size=&#8220;340&#215;310&#8243; alignment=&#8220;center&#8220; qode_css_animation=&#8220;&#8220; css=&#8220;.vc_custom_1434635262935{padding-right: 30px !important;padding-left: 30px !important;}&#8220;][vc_empty_space height=&#8220;110px&#8220;][\/vc_column][\/vc_row][vc_row row_type=&#8220;row&#8220; type=&#8220;full_width&#8220; text_align=&#8220;left&#8220; css_animation=&#8220;&#8220;][vc_column width=&#8220;1\/3&#8243; css=&#8220;.vc_custom_1434634613356{padding-right: 50px !important;padding-left: 60px !important;}&#8220;][vc_empty_space height=&#8220;100px&#8220;][vc_column_text]<\/p>\n<h3 style=\"text-align: center;\">Zwei Versionen<\/h3>\n<p style=\"text-align: center;\">Die BLACKEYE TWO&#x2122; wurde urspr\u00fcnglich in zwei unterschiedlichen Versionen hergestellt. Das Standardmodell hatte eine Aufl\u00f6sung von 420 TVL. Die Topversion war mit einem der besten erh\u00e4ltlichen Video Sensoren ausgestattet, mit einer Aufl\u00f6sung von 540 TVL. Heute vertreiben wir ausschliesslich die 540 TVL version.<\/p>\n<p>[\/vc_column_text][vc_empty_space height=&#8220;100px&#8220;][\/vc_column][vc_column width=&#8220;1\/3&#8243;][vc_single_image image=&#8220;3192&#8243; img_size=&#8220;525&#215;545&#8243; alignment=&#8220;center&#8220; qode_css_animation=&#8220;&#8220;][\/vc_column][vc_column width=&#8220;1\/3&#8243; css=&#8220;.vc_custom_1434634636192{padding-right: 60px !important;padding-left: 50px !important;}&#8220;][vc_empty_space height=&#8220;100px&#8220;][vc_column_text]<\/p>\n<h3 style=\"text-align: center;\">Mit oder ohne Helm<\/h3>\n<p style=\"text-align: center;\">Mit seinen Helmadaptern kann die \u00a0BLACKEYE TWO&#x2122; auf fast allen Helmen befestigt werden, f\u00fcr alle Sportarten. Ganz ohne Helm kann man sie wie eine Stirnlampe aufsetzen und tragen. Ideal f\u00fcr alle Sportarten ohne Helm.<\/p>\n<p>[\/vc_column_text][vc_empty_space height=&#8220;50px&#8220;][vc_single_image image=&#8220;3194&#8243; img_size=&#8220;140&#215;160&#8243; alignment=&#8220;center&#8220; qode_css_animation=&#8220;&#8220;][vc_empty_space height=&#8220;50px&#8220;][\/vc_column][\/vc_row][vc_row row_type=&#8220;row&#8220; type=&#8220;full_width&#8220; text_align=&#8220;left&#8220; css_animation=&#8220;&#8220;][vc_column][vc_empty_space height=&#8220;100px&#8220;][\/vc_column][\/vc_row][vc_row row_type=&#8220;row&#8220; type=&#8220;full_width&#8220; text_align=&#8220;left&#8220; background_color=&#8220;#11313d&#8220; css_animation=&#8220;&#8220;][vc_column width=&#8220;1\/3&#8243; css=&#8220;.vc_custom_1434636200563{margin-bottom: -5px !important;}&#8220;][vc_single_image image=&#8220;3202&#8243; img_size=&#8220;505&#215;430&#8243; alignment=&#8220;center&#8220; qode_css_animation=&#8220;&#8220;][\/vc_column][vc_column width=&#8220;1\/3&#8243; css=&#8220;.vc_custom_1434635767349{margin-bottom: -5px !important;}&#8220;][vc_single_image image=&#8220;3198&#8243; img_size=&#8220;350&#215;430&#8243; alignment=&#8220;center&#8220; qode_css_animation=&#8220;&#8220;][\/vc_column][vc_column width=&#8220;1\/3&#8243; css=&#8220;.vc_custom_1434635751919{margin-bottom: -5px !important;}&#8220;][vc_single_image image=&#8220;3200&#8243; img_size=&#8220;505&#215;430&#8243; alignment=&#8220;center&#8220; qode_css_animation=&#8220;&#8220;][\/vc_column][\/vc_row][vc_row row_type=&#8220;row&#8220; type=&#8220;full_width&#8220; text_align=&#8220;left&#8220; background_color=&#8220;#11313d&#8220; css_animation=&#8220;&#8220;][vc_column width=&#8220;1\/6&#8243;][\/vc_column][vc_column width=&#8220;2\/3&#8243; css=&#8220;.vc_custom_1434645798004{padding-right: 30px !important;padding-left: 30px !important;}&#8220;][vc_empty_space height=&#8220;80px&#8220;][vc_column_text]<\/p>\n<h2 style=\"text-align: center;\"><span style=\"color: #ffffff;\">BLACKEYE ONE&#x2122;<\/span><\/h2>\n<p style=\"text-align: center;\"><span style=\"color: #ffffff;\"><strong>Die BLACKEYE ONE&#x2122; Bullet Kamera ist eine der kleinsten von uns je produzierten Kameras. Mit einer Kugelgelenk Halterung kann sie an beinahe jedem Sportger\u00e4t befestigt werden. Einmal befestigt, kann sie noch immer in fast alle Richtungen bewegt und gedreht werden. Die BLACKEYE ONE&#x2122; beeindruckt mit einer Aufl\u00f6sung von 560 TVL.<\/strong><\/span><\/p>\n<p>[\/vc_column_text][vc_empty_space height=&#8220;80px&#8220;][\/vc_column][vc_column width=&#8220;1\/6&#8243;][\/vc_column][\/vc_row][vc_row row_type=&#8220;row&#8220; type=&#8220;full_width&#8220; text_align=&#8220;left&#8220; background_color=&#8220;#11313d&#8220; css_animation=&#8220;&#8220;][vc_column css=&#8220;.vc_custom_1434637149205{margin-bottom: -5px !important;}&#8220;][vc_single_image image=&#8220;3204&#8243; img_size=&#8220;1000&#215;375&#8243; qode_css_animation=&#8220;&#8220;][\/vc_column][\/vc_row][vc_row row_type=&#8220;row&#8220; type=&#8220;full_width&#8220; text_align=&#8220;left&#8220; css_animation=&#8220;&#8220;][vc_column][vc_empty_space height=&#8220;100px&#8220;][\/vc_column][\/vc_row][vc_row row_type=&#8220;row&#8220; type=&#8220;full_width&#8220; text_align=&#8220;left&#8220; css_animation=&#8220;&#8220;][vc_column][vc_separator type=&#8220;normal&#8220; color=&#8220;#d3d3d3&#8243; thickness=&#8220;1&#8243; up=&#8220;50&#8243; down=&#8220;30&#8243;][\/vc_column][\/vc_row][vc_row row_type=&#8220;row&#8220; type=&#8220;full_width&#8220; text_align=&#8220;center&#8220; css_animation=&#8220;&#8220;][vc_column][vc_column_text css=&#8220;.vc_custom_1597747259928{padding-right: 50px !important;padding-left: 50px !important;}&#8220;]<\/p>\n<p style=\"text-align: center;\">Wir k\u00f6nnen auf eine lange Erfahrung mit Action Kameras und Action Filmen zur\u00fcckblicken. Unsere Kameras wurden mit vielen wichtigen Auszeichnungen pr\u00e4miert. Wie beispielsweise dem <strong>ISPO Brand New Award\u00a0<\/strong>oder dem\u00a0<strong>EUROBIKE Award.<\/strong>\u00a0Seitdem wird der globale Markt mit Action Kameras aller Art regelrecht \u00fcberflutet. Mit guten Produkten genauso, wie mit sehr schlechten. Auch wir arbeiten immer an guten neuen Produkten und neuen Kamera Entwicklungen. Bis diese jedoch marktreif sind bedienen wir ausschliesslich und weiterhin Enthusiasten und &#8222;TVL&#8220; Liebhaber.<\/p>\n<p>[\/vc_column_text][\/vc_column][\/vc_row][vc_row row_type=&#8220;row&#8220; type=&#8220;full_width&#8220; text_align=&#8220;left&#8220; css_animation=&#8220;&#8220;][vc_column][vc_separator type=&#8220;normal&#8220; color=&#8220;#d3d3d3&#8243; thickness=&#8220;1&#8243; up=&#8220;50&#8243; down=&#8220;50&#8243;][\/vc_column][\/vc_row][vc_row row_type=&#8220;row&#8220; type=&#8220;full_width&#8220; text_align=&#8220;left&#8220; css_animation=&#8220;&#8220;][vc_column][vc_empty_space height=&#8220;100px&#8220;][\/vc_column][\/vc_row]<\/p>\n<\/section>","protected":false},"excerpt":{"rendered":"<p>[vc_row row_type=&#8220;row&#8220; type=&#8220;grid&#8220; text_align=&#8220;left&#8220; background_image=&#8220;3136&#8243; css_animation=&#8220;&#8220;][vc_column][\/vc_column][vc_column width=&#8220;1\/2&#8243;][vc_single_image image=&#8220;3186&#8243; img_size=&#8220;530&#215;185&#8243; alignment=&#8220;center&#8220; qode_css_animation=&#8220;&#8220; css=&#8220;.vc_custom_1434633498756{margin-top: 120px !important;margin-right: 50px !important;}&#8220;][vc_empty_space height=&#8220;70px&#8220;][\/vc_column][vc_column width=&#8220;1\/2&#8243;][vc_single_image image=&#8220;3196&#8243; img_size=&#8220;540&#215;520&#8243; alignment=&#8220;center&#8220; qode_css_animation=&#8220;&#8220; css=&#8220;.vc_custom_1434633406674{margin-top: -40px !important;margin-bottom: -5px !important;}&#8220;][\/vc_column][\/vc_row][vc_row row_type=&#8220;row&#8220; type=&#8220;full_width&#8220; text_align=&#8220;left&#8220; background_color=&#8220;#000000&#8243; css_animation=&#8220;&#8220; css=&#8220;.vc_custom_1434633624269{padding-top: 110px !important;}&#8220;][vc_column][\/vc_column][vc_column width=&#8220;1\/3&#8243;][vc_single_image image=&#8220;3188&#8243; img_size=&#8220;535&#215;425&#8243; alignment=&#8220;center&#8220; qode_css_animation=&#8220;&#8220; img_link_large=&#8220;yes&#8220; css=&#8220;.vc_custom_1434635197240{padding-right: 30px !important;padding-left: 30px !important;}&#8220;][vc_empty_space height=&#8220;110px&#8220;][\/vc_column][vc_column width=&#8220;1\/3&#8243; css=&#8220;.vc_custom_1434634675479{padding-right: 40px !important;padding-left: 40px !important;}&#8220;][vc_column_text] BLACKEYE TWO&#x2122; BLACKEYE TWO&#x2122; war eine der am meisten ausgezeichneten Helmkameras auf dem Markt.\u00a0Wir haben unsere erste Blackeye TWO&#x2122; Action Kamera im Jahr 2005 entwickelt und produziert.\u00a0Zu einer Zeit, als GoPro\u00ae noch nicht existierte und Action Filmen oder YouTube\u00ae noch wenig bekannt waren. [\/vc_column_text][vc_empty_space height=&#8220;110px&#8220;][\/vc_column][vc_column width=&#8220;1\/3&#8243;][vc_single_image image=&#8220;3190&#8243;&#8230;<\/p>\n","protected":false},"author":1,"featured_media":0,"parent":0,"menu_order":0,"comment_status":"closed","ping_status":"closed","template":"full_width.php","meta":[],"yoast_head":"<!-- This site is optimized with the Yoast SEO plugin v21.0 - https:\/\/yoast.com\/wordpress\/plugins\/seo\/ -->\n<title>Official BLACKEYE Homepage | Blackeye Two Action Kamera<\/title>\n<meta name=\"description\" content=\"Die Blackeye TWO Action Kamera und die Blackeye ONE Kamera wurden vielfach ausgezeichnet. Heute widmet sich Blackeye auch dem POV filmen mit normalen Digitalkameras\" \/>\n<meta name=\"robots\" content=\"index, follow, max-snippet:-1, max-image-preview:large, max-video-preview:-1\" \/>\n<link rel=\"canonical\" href=\"https:\/\/www.blackeyeusa.com\/de\/blackeye-action-kameras\/\" \/>\n<meta property=\"og:locale\" content=\"de_DE\" \/>\n<meta property=\"og:type\" content=\"article\" \/>\n<meta property=\"og:title\" content=\"Official BLACKEYE Homepage | Blackeye Two Action Kamera\" \/>\n<meta property=\"og:description\" content=\"Die Blackeye TWO Action Kamera und die Blackeye ONE Kamera wurden vielfach ausgezeichnet. Heute widmet sich Blackeye auch dem POV filmen mit normalen Digitalkameras\" \/>\n<meta property=\"og:url\" content=\"https:\/\/www.blackeyeusa.com\/de\/blackeye-action-kameras\/\" \/>\n<meta property=\"og:site_name\" content=\"Official BLACKEYE Homepage\" \/>\n<meta property=\"article:modified_time\" content=\"2020-08-18T10:41:57+00:00\" \/>\n<meta name=\"twitter:card\" content=\"summary_large_image\" \/>\n<meta name=\"twitter:label1\" content=\"Gesch\u00e4tzte Lesezeit\" \/>\n\t<meta name=\"twitter:data1\" content=\"5\u00a0Minuten\" \/>\n<!-- \/ Yoast SEO plugin. -->","yoast_head_json":{"title":"Official BLACKEYE Homepage | Blackeye Two Action Kamera","description":"Die Blackeye TWO Action Kamera und die Blackeye ONE Kamera wurden vielfach ausgezeichnet. Heute widmet sich Blackeye auch dem POV filmen mit normalen Digitalkameras","robots":{"index":"index","follow":"follow","max-snippet":"max-snippet:-1","max-image-preview":"max-image-preview:large","max-video-preview":"max-video-preview:-1"},"canonical":"https:\/\/www.blackeyeusa.com\/de\/blackeye-action-kameras\/","og_locale":"de_DE","og_type":"article","og_title":"Official BLACKEYE Homepage | Blackeye Two Action Kamera","og_description":"Die Blackeye TWO Action Kamera und die Blackeye ONE Kamera wurden vielfach ausgezeichnet. Heute widmet sich Blackeye auch dem POV filmen mit normalen Digitalkameras","og_url":"https:\/\/www.blackeyeusa.com\/de\/blackeye-action-kameras\/","og_site_name":"Official BLACKEYE Homepage","article_modified_time":"2020-08-18T10:41:57+00:00","twitter_card":"summary_large_image","twitter_misc":{"Gesch\u00e4tzte Lesezeit":"5\u00a0Minuten"},"schema":{"@context":"https:\/\/schema.org","@graph":[{"@type":"WebPage","@id":"https:\/\/www.blackeyeusa.com\/de\/blackeye-action-kameras\/","url":"https:\/\/www.blackeyeusa.com\/de\/blackeye-action-kameras\/","name":"Official BLACKEYE Homepage | Blackeye Two Action Kamera","isPartOf":{"@id":"https:\/\/www.blackeyeusa.com\/#website"},"datePublished":"2015-06-18T14:33:34+00:00","dateModified":"2020-08-18T10:41:57+00:00","description":"Die Blackeye TWO Action Kamera und die Blackeye ONE Kamera wurden vielfach ausgezeichnet. Heute widmet sich Blackeye auch dem POV filmen mit normalen Digitalkameras","breadcrumb":{"@id":"https:\/\/www.blackeyeusa.com\/de\/blackeye-action-kameras\/#breadcrumb"},"inLanguage":"de","potentialAction":[{"@type":"ReadAction","target":["https:\/\/www.blackeyeusa.com\/de\/blackeye-action-kameras\/"]}]},{"@type":"BreadcrumbList","@id":"https:\/\/www.blackeyeusa.com\/de\/blackeye-action-kameras\/#breadcrumb","itemListElement":[{"@type":"ListItem","position":1,"name":"Home","item":"https:\/\/www.blackeyeusa.com\/de\/"},{"@type":"ListItem","position":2,"name":"Blackeye Two Action Kamera"}]},{"@type":"WebSite","@id":"https:\/\/www.blackeyeusa.com\/#website","url":"https:\/\/www.blackeyeusa.com\/","name":"Official BLACKEYE Homepage","description":"Universal Camera Mounts for your Head and Helmet","potentialAction":[{"@type":"SearchAction","target":{"@type":"EntryPoint","urlTemplate":"https:\/\/www.blackeyeusa.com\/?s={search_term_string}"},"query-input":"required name=search_term_string"}],"inLanguage":"de"}]}},"_links":{"self":[{"href":"https:\/\/www.blackeyeusa.com\/de\/wp-json\/wp\/v2\/pages\/3237"}],"collection":[{"href":"https:\/\/www.blackeyeusa.com\/de\/wp-json\/wp\/v2\/pages"}],"about":[{"href":"https:\/\/www.blackeyeusa.com\/de\/wp-json\/wp\/v2\/types\/page"}],"author":[{"embeddable":true,"href":"https:\/\/www.blackeyeusa.com\/de\/wp-json\/wp\/v2\/users\/1"}],"replies":[{"embeddable":true,"href":"https:\/\/www.blackeyeusa.com\/de\/wp-json\/wp\/v2\/comments?post=3237"}],"version-history":[{"count":5,"href":"https:\/\/www.blackeyeusa.com\/de\/wp-json\/wp\/v2\/pages\/3237\/revisions"}],"predecessor-version":[{"id":4712,"href":"https:\/\/www.blackeyeusa.com\/de\/wp-json\/wp\/v2\/pages\/3237\/revisions\/4712"}],"wp:attachment":[{"href":"https:\/\/www.blackeyeusa.com\/de\/wp-json\/wp\/v2\/media?parent=3237"}],"curies":[{"name":"wp","href":"https:\/\/api.w.org\/{rel}","templated":true}]}}