{"id":370,"date":"2014-10-13T09:44:12","date_gmt":"2014-10-13T09:44:12","guid":{"rendered":"http:\/\/www.forks-newyork.com\/?page_id=370"},"modified":"2019-03-14T16:49:12","modified_gmt":"2019-03-14T16:49:12","slug":"so-funktioniert-die-kamera-kopf-halterung","status":"publish","type":"page","link":"https:\/\/www.blackeyeusa.com\/de\/so-funktioniert-die-kamera-kopf-halterung\/","title":{"rendered":"HIW Kopf Halterung"},"content":{"rendered":"<section class=\"wpb-content-wrapper\"><p>[vc_row row_type=&#8220;row&#8220; type=&#8220;full_width&#8220; text_align=&#8220;left&#8220; css_animation=&#8220;&#8220;][vc_column css=&#8220;.vc_custom_1413271011396{margin-bottom: 20px !important;}&#8220;][vc_single_image image=&#8220;380&#8243; img_size=&#8220;700&#215;625&#8243; alignment=&#8220;center&#8220; qode_css_animation=&#8220;&#8220;][\/vc_column][\/vc_row][vc_row row_type=&#8220;row&#8220; type=&#8220;full_width&#8220; text_align=&#8220;left&#8220; css_animation=&#8220;&#8220;][vc_column][vc_separator type=&#8220;normal&#8220; color=&#8220;#b5b5b5&#8243; thickness=&#8220;1&#8243; up=&#8220;30&#8243; down=&#8220;30&#8243;][\/vc_column][\/vc_row][vc_row row_type=&#8220;row&#8220; type=&#8220;full_width&#8220; text_align=&#8220;left&#8220; css_animation=&#8220;&#8220;][vc_column width=&#8220;1\/2&#8243; css=&#8220;.vc_custom_1413271028057{margin-top: 40px !important;}&#8220;][vc_single_image image=&#8220;281&#8243; img_size=&#8220;335&#215;350&#8243; alignment=&#8220;center&#8220; qode_css_animation=&#8220;&#8220;][\/vc_column][vc_column width=&#8220;1\/2&#8243; css=&#8220;.vc_custom_1413271022225{margin-top: 40px !important;margin-bottom: 50px !important;}&#8220;][vc_column_text]<strong>Speziell entwickelt f\u00fcr beinahe jede moderne Kompaktkamera mit Videofunktion<\/strong><\/p>\n<p>Ideal f\u00fcr alle Kompaktkameras mit bis zu 27mm Tiefe und 105mm Breite. Passend f\u00fcr Kameras von PANASONIC \u00ae, CANON \u00ae, FUJI \u00ae, OLYMPUS \u00ae, usw. Und nat\u00fcrlich auch viele Kameras von anderen Herstellern.<\/p>\n<p class=\"p1\"><a href=\"http:\/\/www.blackeyeusa.com\/wp-content\/uploads\/2015\/09\/cam_measurements.jpg\">Klick hier um mehr \u00fcber die Abmessungen zu erfahren.<\/a><\/p>\n<p>[\/vc_column_text][vc_single_image image=&#8220;261&#8243; img_size=&#8220;335&#215;140&#8243; alignment=&#8220;center&#8220; qode_css_animation=&#8220;&#8220;][vc_column_text]<\/p>\n<p>Standard Stativgewinde am Boden deiner Kamera zum Befestigen der Kamera an der Kopfhalterung.<\/p>\n<p>[\/vc_column_text][\/vc_column][\/vc_row][vc_row row_type=&#8220;row&#8220; type=&#8220;full_width&#8220; text_align=&#8220;left&#8220; css_animation=&#8220;&#8220;][vc_column][vc_separator type=&#8220;normal&#8220; color=&#8220;#b5b5b5&#8243; thickness=&#8220;1&#8243; up=&#8220;30&#8243; down=&#8220;30&#8243;][\/vc_column][\/vc_row][vc_row row_type=&#8220;row&#8220; type=&#8220;full_width&#8220; text_align=&#8220;left&#8220; css_animation=&#8220;&#8220;][vc_column width=&#8220;1\/2&#8243; css=&#8220;.vc_custom_1413271028057{margin-top: 40px !important;}&#8220;][vc_single_image image=&#8220;313&#8243; img_size=&#8220;335&#215;300&#8243; alignment=&#8220;center&#8220; qode_css_animation=&#8220;&#8220;][vc_column_text css=&#8220;.vc_custom_1413296380703{margin-top: 30px !important;margin-bottom: 40px !important;}&#8220;]<\/p>\n<p>Den Winkel der Kamera kannst du in jede Richtung einstellen. Geradeaus nach vorne oder auf den Tisch und die H\u00e4nde gerichtet. Eben genau so wie du&#8217;s brauchst.<\/p>\n<p>[\/vc_column_text][\/vc_column][vc_column width=&#8220;1\/2&#8243; css=&#8220;.vc_custom_1413271817915{margin-top: 40px !important;margin-bottom: 20px !important;}&#8220;][vc_single_image image=&#8220;315&#8243; img_size=&#8220;335&#215;300&#8243; alignment=&#8220;center&#8220; qode_css_animation=&#8220;&#8220;][vc_column_text css=&#8220;.vc_custom_1413296405277{margin-bottom: 50px !important;}&#8220;]<\/p>\n<p>Befestige die Kamera auf der Plattform und verstelle den Shift-Stop B\u00fcgel so, dass er das Kamerageh\u00e4use leicht ber\u00fchrt. Der B\u00fcgel verhindert das unabsichtliche Verdrehen der Kamera. Etwa falls die Stativschraube zu locker sitzt. Die Gummiringe auf dem B\u00fcgel schonen die Oberfl\u00e4chen deiner Kamera.<\/p>\n<p>[\/vc_column_text][\/vc_column][\/vc_row][vc_row row_type=&#8220;row&#8220; type=&#8220;full_width&#8220; text_align=&#8220;left&#8220; css_animation=&#8220;&#8220;][vc_column width=&#8220;1\/2&#8243; css=&#8220;.vc_custom_1413271696609{margin-top: 30px !important;}&#8220;][vc_single_image image=&#8220;317&#8243; img_size=&#8220;335&#215;200&#8243; alignment=&#8220;center&#8220; qode_css_animation=&#8220;&#8220;][\/vc_column][vc_column width=&#8220;1\/2&#8243; css=&#8220;.vc_custom_1413271776623{margin-top: 30px !important;margin-bottom: 30px !important;}&#8220;][vc_column_text css=&#8220;.vc_custom_1413296429691{margin-bottom: 50px !important;}&#8220;]<strong>Skala zum Einstellen ganz ohne Werkzeug<\/strong><\/p>\n<p>Je nach Einsatzbereich kannst du den Winkel der Kamera verstellen. Die Skala und die Fl\u00fcgelschrauben machen es dir einfach deine vorherigen Einstellungen wieder herzustellen.<\/p>\n<p>Zum Beispiel nachdem jemand anderer die Halterung getragen hat oder du sie anderweitig eingesetzt hast.[\/vc_column_text][\/vc_column][\/vc_row][vc_row row_type=&#8220;row&#8220; type=&#8220;full_width&#8220; text_align=&#8220;left&#8220; css_animation=&#8220;&#8220;][vc_column][vc_separator type=&#8220;normal&#8220; color=&#8220;#b5b5b5&#8243; thickness=&#8220;1&#8243; up=&#8220;30&#8243; down=&#8220;30&#8243;][\/vc_column][\/vc_row][vc_row row_type=&#8220;row&#8220; type=&#8220;full_width&#8220; text_align=&#8220;left&#8220; css_animation=&#8220;&#8220;][vc_column width=&#8220;1\/2&#8243; css=&#8220;.vc_custom_1413271028057{margin-top: 40px !important;}&#8220;][vc_column_text css=&#8220;.vc_custom_1413296466358{margin-top: 30px !important;margin-bottom: 40px !important;}&#8220;]<\/p>\n<p style=\"text-align: center;\"><strong>Adapter und Halterung f\u00fcr deine GoPro\u00ae Kamera<\/strong><\/p>\n<p>[\/vc_column_text][vc_single_image image=&#8220;325&#8243; img_size=&#8220;335&#215;350&#8243; alignment=&#8220;center&#8220; qode_css_animation=&#8220;&#8220;][\/vc_column][vc_column width=&#8220;1\/2&#8243; css=&#8220;.vc_custom_1413272462930{margin-top: 40px !important;margin-bottom: 40px !important;}&#8220;][vc_single_image image=&#8220;327&#8243; img_size=&#8220;335&#215;250&#8243; alignment=&#8220;center&#8220; qode_css_animation=&#8220;&#8220;][vc_column_text css=&#8220;.vc_custom_1413296494279{margin-bottom: 50px !important;}&#8220;]Falls Du eine Go Pro Hero \u00ae Kamera besitzt und sie mit der Blackeye ZERO Halterung tragen willst, kannst Du hierf\u00fcr unseren Full GP Mount erwerben.<\/p>\n<p>Falls Du bereits eine Blackeye ZERO Halterung besitzt und eine Go Pro Hero \u00ae Kamera befestigen willst, brauchst du dazu nur unseren speziellen GP Adapter.[\/vc_column_text][vc_single_image image=&#8220;329&#8243; img_size=&#8220;335&#215;260&#8243; alignment=&#8220;center&#8220; qode_css_animation=&#8220;&#8220;][\/vc_column][\/vc_row][vc_row row_type=&#8220;row&#8220; type=&#8220;full_width&#8220; text_align=&#8220;center&#8220; css_animation=&#8220;&#8220;][vc_column][vc_column_text]<\/p>\n<p>*Obenstehenden Masse sind Empfehlungen. Gr\u00f6ssere Kameras k\u00f6nnen durchaus passen. Frage deinen H\u00e4ndler.<\/p>\n<p>[\/vc_column_text][\/vc_column][\/vc_row][vc_row row_type=&#8220;row&#8220; type=&#8220;full_width&#8220; text_align=&#8220;left&#8220; css_animation=&#8220;&#8220;][vc_column][vc_separator type=&#8220;normal&#8220; color=&#8220;#b5b5b5&#8243; thickness=&#8220;1&#8243; up=&#8220;30&#8243; down=&#8220;30&#8243;][\/vc_column][\/vc_row][vc_row row_type=&#8220;row&#8220; type=&#8220;full_width&#8220; text_align=&#8220;center&#8220; css_animation=&#8220;&#8220;][vc_column][vc_column_text]<\/p>\n<p class=\"p1\">Bilder k\u00f6nnen in Detail und Farbe vom Original abweichen.<\/p>\n<p>[\/vc_column_text][\/vc_column][\/vc_row][vc_row row_type=&#8220;row&#8220; type=&#8220;full_width&#8220; text_align=&#8220;left&#8220; css_animation=&#8220;&#8220;][vc_column][vc_empty_space height=&#8220;100&#8243;][\/vc_column][\/vc_row]<\/p>\n<\/section>","protected":false},"excerpt":{"rendered":"<p>[vc_row row_type=&#8220;row&#8220; type=&#8220;full_width&#8220; text_align=&#8220;left&#8220; css_animation=&#8220;&#8220;][vc_column css=&#8220;.vc_custom_1413271011396{margin-bottom: 20px !important;}&#8220;][vc_single_image image=&#8220;380&#8243; img_size=&#8220;700&#215;625&#8243; alignment=&#8220;center&#8220; qode_css_animation=&#8220;&#8220;][\/vc_column][\/vc_row][vc_row row_type=&#8220;row&#8220; type=&#8220;full_width&#8220; text_align=&#8220;left&#8220; css_animation=&#8220;&#8220;][vc_column][vc_separator type=&#8220;normal&#8220; color=&#8220;#b5b5b5&#8243; thickness=&#8220;1&#8243; up=&#8220;30&#8243; down=&#8220;30&#8243;][\/vc_column][\/vc_row][vc_row row_type=&#8220;row&#8220; type=&#8220;full_width&#8220; text_align=&#8220;left&#8220; css_animation=&#8220;&#8220;][vc_column width=&#8220;1\/2&#8243; css=&#8220;.vc_custom_1413271028057{margin-top: 40px !important;}&#8220;][vc_single_image image=&#8220;281&#8243; img_size=&#8220;335&#215;350&#8243; alignment=&#8220;center&#8220; qode_css_animation=&#8220;&#8220;][\/vc_column][vc_column width=&#8220;1\/2&#8243; css=&#8220;.vc_custom_1413271022225{margin-top: 40px !important;margin-bottom: 50px !important;}&#8220;][vc_column_text]Speziell entwickelt f\u00fcr beinahe jede moderne Kompaktkamera mit Videofunktion Ideal f\u00fcr alle Kompaktkameras mit bis zu 27mm Tiefe und 105mm Breite. Passend f\u00fcr Kameras von PANASONIC \u00ae, CANON \u00ae, FUJI \u00ae, OLYMPUS \u00ae, usw. Und nat\u00fcrlich auch viele Kameras von anderen Herstellern. Klick hier um mehr \u00fcber die Abmessungen zu erfahren. [\/vc_column_text][vc_single_image image=&#8220;261&#8243; img_size=&#8220;335&#215;140&#8243; alignment=&#8220;center&#8220; qode_css_animation=&#8220;&#8220;][vc_column_text] Standard Stativgewinde am Boden deiner Kamera&#8230;<\/p>\n","protected":false},"author":1,"featured_media":0,"parent":0,"menu_order":0,"comment_status":"open","ping_status":"closed","template":"","meta":[],"yoast_head":"<!-- This site is optimized with the Yoast SEO plugin v21.0 - https:\/\/yoast.com\/wordpress\/plugins\/seo\/ -->\n<title>Official BLACKEYE Homepage | HIW Kopf Halterung<\/title>\n<meta name=\"description\" content=\"Learn how the Universal Head Strap Mount works. How to adjust it for your camera and how to secure your camera. A great accessory for all digital cameras.\" \/>\n<meta name=\"robots\" content=\"index, follow, max-snippet:-1, max-image-preview:large, max-video-preview:-1\" \/>\n<link rel=\"canonical\" href=\"https:\/\/www.blackeyeusa.com\/de\/so-funktioniert-die-kamera-kopf-halterung\/\" \/>\n<meta property=\"og:locale\" content=\"de_DE\" \/>\n<meta property=\"og:type\" content=\"article\" \/>\n<meta property=\"og:title\" content=\"Official BLACKEYE Homepage | HIW Kopf Halterung\" \/>\n<meta property=\"og:description\" content=\"Learn how the Universal Head Strap Mount works. How to adjust it for your camera and how to secure your camera. A great accessory for all digital cameras.\" \/>\n<meta property=\"og:url\" content=\"https:\/\/www.blackeyeusa.com\/de\/so-funktioniert-die-kamera-kopf-halterung\/\" \/>\n<meta property=\"og:site_name\" content=\"Official BLACKEYE Homepage\" \/>\n<meta property=\"article:modified_time\" content=\"2019-03-14T16:49:12+00:00\" \/>\n<meta name=\"twitter:card\" content=\"summary_large_image\" \/>\n<meta name=\"twitter:label1\" content=\"Gesch\u00e4tzte Lesezeit\" \/>\n\t<meta name=\"twitter:data1\" content=\"4\u00a0Minuten\" \/>\n<!-- \/ Yoast SEO plugin. -->","yoast_head_json":{"title":"Official BLACKEYE Homepage | HIW Kopf Halterung","description":"Learn how the Universal Head Strap Mount works. How to adjust it for your camera and how to secure your camera. A great accessory for all digital cameras.","robots":{"index":"index","follow":"follow","max-snippet":"max-snippet:-1","max-image-preview":"max-image-preview:large","max-video-preview":"max-video-preview:-1"},"canonical":"https:\/\/www.blackeyeusa.com\/de\/so-funktioniert-die-kamera-kopf-halterung\/","og_locale":"de_DE","og_type":"article","og_title":"Official BLACKEYE Homepage | HIW Kopf Halterung","og_description":"Learn how the Universal Head Strap Mount works. How to adjust it for your camera and how to secure your camera. A great accessory for all digital cameras.","og_url":"https:\/\/www.blackeyeusa.com\/de\/so-funktioniert-die-kamera-kopf-halterung\/","og_site_name":"Official BLACKEYE Homepage","article_modified_time":"2019-03-14T16:49:12+00:00","twitter_card":"summary_large_image","twitter_misc":{"Gesch\u00e4tzte Lesezeit":"4\u00a0Minuten"},"schema":{"@context":"https:\/\/schema.org","@graph":[{"@type":"WebPage","@id":"https:\/\/www.blackeyeusa.com\/de\/so-funktioniert-die-kamera-kopf-halterung\/","url":"https:\/\/www.blackeyeusa.com\/de\/so-funktioniert-die-kamera-kopf-halterung\/","name":"Official BLACKEYE Homepage | HIW Kopf Halterung","isPartOf":{"@id":"https:\/\/www.blackeyeusa.com\/#website"},"datePublished":"2014-10-13T09:44:12+00:00","dateModified":"2019-03-14T16:49:12+00:00","description":"Learn how the Universal Head Strap Mount works. How to adjust it for your camera and how to secure your camera. A great accessory for all digital cameras.","breadcrumb":{"@id":"https:\/\/www.blackeyeusa.com\/de\/so-funktioniert-die-kamera-kopf-halterung\/#breadcrumb"},"inLanguage":"de","potentialAction":[{"@type":"ReadAction","target":["https:\/\/www.blackeyeusa.com\/de\/so-funktioniert-die-kamera-kopf-halterung\/"]}]},{"@type":"BreadcrumbList","@id":"https:\/\/www.blackeyeusa.com\/de\/so-funktioniert-die-kamera-kopf-halterung\/#breadcrumb","itemListElement":[{"@type":"ListItem","position":1,"name":"Home","item":"https:\/\/www.blackeyeusa.com\/de\/"},{"@type":"ListItem","position":2,"name":"HIW Kopf Halterung"}]},{"@type":"WebSite","@id":"https:\/\/www.blackeyeusa.com\/#website","url":"https:\/\/www.blackeyeusa.com\/","name":"Official BLACKEYE Homepage","description":"Universal Camera Mounts for your Head and Helmet","potentialAction":[{"@type":"SearchAction","target":{"@type":"EntryPoint","urlTemplate":"https:\/\/www.blackeyeusa.com\/?s={search_term_string}"},"query-input":"required name=search_term_string"}],"inLanguage":"de"}]}},"_links":{"self":[{"href":"https:\/\/www.blackeyeusa.com\/de\/wp-json\/wp\/v2\/pages\/370"}],"collection":[{"href":"https:\/\/www.blackeyeusa.com\/de\/wp-json\/wp\/v2\/pages"}],"about":[{"href":"https:\/\/www.blackeyeusa.com\/de\/wp-json\/wp\/v2\/types\/page"}],"author":[{"embeddable":true,"href":"https:\/\/www.blackeyeusa.com\/de\/wp-json\/wp\/v2\/users\/1"}],"replies":[{"embeddable":true,"href":"https:\/\/www.blackeyeusa.com\/de\/wp-json\/wp\/v2\/comments?post=370"}],"version-history":[{"count":2,"href":"https:\/\/www.blackeyeusa.com\/de\/wp-json\/wp\/v2\/pages\/370\/revisions"}],"predecessor-version":[{"id":3699,"href":"https:\/\/www.blackeyeusa.com\/de\/wp-json\/wp\/v2\/pages\/370\/revisions\/3699"}],"wp:attachment":[{"href":"https:\/\/www.blackeyeusa.com\/de\/wp-json\/wp\/v2\/media?parent=370"}],"curies":[{"name":"wp","href":"https:\/\/api.w.org\/{rel}","templated":true}]}}