{"id":396,"date":"2014-10-11T09:10:59","date_gmt":"2014-10-11T09:10:59","guid":{"rendered":"http:\/\/www.forks-newyork.com\/?page_id=396"},"modified":"2019-03-19T13:43:48","modified_gmt":"2019-03-19T13:43:48","slug":"kontakt","status":"publish","type":"page","link":"https:\/\/www.blackeyeusa.com\/de\/kontakt\/","title":{"rendered":"Kontakt"},"content":{"rendered":"<section class=\"wpb-content-wrapper\"><p>[vc_row][vc_column width=&#8220;1\/1&#8243;][vc_empty_space height=&#8220;40&#8243;][\/vc_column][\/vc_row][vc_row row_type=&#8220;row&#8220; type=&#8220;full_width&#8220; text_align=&#8220;left&#8220;][vc_column width=&#8220;1\/2&#8243;][vc_column_text]<strong>BLACKEYE&#x2122; GmbH Europe<\/strong><br \/>\nPostfach 140147<br \/>\n80451 M\u00fcnchen<br \/>\nGermany<\/p>\n<p>Telefon: +49-89-44429970<br \/>\nEMAIL: contact@blackeyeUSA.com[\/vc_column_text][\/vc_column][vc_column width=&#8220;1\/2&#8243;][vc_column_text]<strong>FORKS-NY LLC USA<\/strong><br \/>\n1133 Broadway,Suite 706<br \/>\nNew York, NY 10010<br \/>\nUSA<\/p>\n<p>Please contact us by email for best response<br \/>\nEMAIL: contact@blackeyeUSA.com[\/vc_column_text][\/vc_column][\/vc_row][vc_row][vc_column width=&#8220;1\/1&#8243;][vc_empty_space height=&#8220;50&#8243;][\/vc_column][\/vc_row][vc_row][vc_column width=&#8220;1\/1&#8243;][vc_column_text]<strong>BLACKEYE&#x2122;<\/strong> ist eine international eingetragene Marke. Jeder f\u00e4lschliche Gebrauch und jeder Missbrauch der BLACKEYE&#x2122; Marke wird rechtlich verfolgt. Leider zwingen uns eine Vielzahl von Trittbrettfahrern zu diesem Verfahren.[\/vc_column_text][\/vc_column][\/vc_row][vc_row][vc_column width=&#8220;1\/1&#8243;][vc_column_text]<strong>DISTRIBUTOREN<\/strong> die an unserem Produkt interessiert sind, schreiben uns bitte eine email an die oben genannte Adresse. Beschreiben Sie Ihr Sortiment und Marktsegment. Wir freuen uns auf Ihre Nachricht.[\/vc_column_text][\/vc_column][\/vc_row][vc_row][vc_column width=&#8220;1\/1&#8243;][vc_column_text]<strong>KUNDEN<\/strong> mit speziellen W\u00fcnschen, bez\u00fcglich Bezahlung oder Versand, schreiben uns bitte eine email an die oben genannte Adresse. Wir werden dann eine schnelle passende\u00a0L\u00f6sung finden.[\/vc_column_text][\/vc_column][\/vc_row][vc_row][vc_column width=&#8220;1\/1&#8243;][vc_column_text]<strong>Zahlungen mit Kreditkarten<\/strong>\u00a0werden in unserem Shop durch PayPal abgewickelt. Falls Sie mit Kreditkarte zahlen m\u00f6chten, w\u00e4hlen Sie zun\u00e4chst die PayPal Bezahloption. Nach Eingabe Ihrer Rechnungs- und Versandadresse werden Sie dann zu PayPal weitergeleitet &#8211; wo Sie dann mit Kreditkarte bezahlen k\u00f6nnen. Ohne zus\u00e4tzliche Kosten und auch wenn Sie kein PayPal Konto besitzen.[\/vc_column_text][\/vc_column][\/vc_row][vc_row][vc_column width=&#8220;1\/1&#8243;][vc_empty_space height=&#8220;100&#8243;][\/vc_column][\/vc_row]<\/p>\n<\/section>","protected":false},"excerpt":{"rendered":"<p>[vc_row][vc_column width=&#8220;1\/1&#8243;][vc_empty_space height=&#8220;40&#8243;][\/vc_column][\/vc_row][vc_row row_type=&#8220;row&#8220; type=&#8220;full_width&#8220; text_align=&#8220;left&#8220;][vc_column width=&#8220;1\/2&#8243;][vc_column_text]BLACKEYE&#x2122; GmbH Europe Postfach 140147 80451 M\u00fcnchen Germany Telefon: +49-89-44429970 EMAIL: contact@blackeyeUSA.com[\/vc_column_text][\/vc_column][vc_column width=&#8220;1\/2&#8243;][vc_column_text]FORKS-NY LLC USA 1133 Broadway,Suite 706 New York, NY 10010 USA Please contact us by email for best response EMAIL: contact@blackeyeUSA.com[\/vc_column_text][\/vc_column][\/vc_row][vc_row][vc_column width=&#8220;1\/1&#8243;][vc_empty_space height=&#8220;50&#8243;][\/vc_column][\/vc_row][vc_row][vc_column width=&#8220;1\/1&#8243;][vc_column_text]BLACKEYE&#x2122; ist eine international eingetragene Marke. Jeder f\u00e4lschliche Gebrauch und jeder Missbrauch der BLACKEYE&#x2122; Marke wird rechtlich verfolgt. Leider zwingen uns eine Vielzahl von Trittbrettfahrern zu diesem Verfahren.[\/vc_column_text][\/vc_column][\/vc_row][vc_row][vc_column width=&#8220;1\/1&#8243;][vc_column_text]DISTRIBUTOREN die an unserem Produkt interessiert sind, schreiben uns bitte eine email an die oben genannte Adresse. Beschreiben Sie Ihr Sortiment und Marktsegment. Wir freuen uns auf Ihre Nachricht.[\/vc_column_text][\/vc_column][\/vc_row][vc_row][vc_column width=&#8220;1\/1&#8243;][vc_column_text]KUNDEN mit&#8230;<\/p>\n","protected":false},"author":1,"featured_media":0,"parent":0,"menu_order":0,"comment_status":"open","ping_status":"closed","template":"","meta":[],"yoast_head":"<!-- This site is optimized with the Yoast SEO plugin v21.0 - https:\/\/yoast.com\/wordpress\/plugins\/seo\/ -->\n<title>Official BLACKEYE Homepage | Kontakt<\/title>\n<meta name=\"robots\" content=\"noindex, nofollow\" \/>\n<meta property=\"og:locale\" content=\"de_DE\" \/>\n<meta property=\"og:type\" content=\"article\" \/>\n<meta property=\"og:title\" content=\"Official BLACKEYE Homepage | Kontakt\" \/>\n<meta property=\"og:description\" content=\"[vc_row][vc_column width=&#8220;1\/1&#8243;][vc_empty_space height=&#8220;40&#8243;][\/vc_column][\/vc_row][vc_row row_type=&#8220;row&#8220; type=&#8220;full_width&#8220; text_align=&#8220;left&#8220;][vc_column width=&#8220;1\/2&#8243;][vc_column_text]BLACKEYE&#x2122; GmbH Europe Postfach 140147 80451 M\u00fcnchen Germany Telefon: +49-89-44429970 EMAIL: contact@blackeyeUSA.com[\/vc_column_text][\/vc_column][vc_column width=&#8220;1\/2&#8243;][vc_column_text]FORKS-NY LLC USA 1133 Broadway,Suite 706 New York, NY 10010 USA Please contact us by email for best response EMAIL: contact@blackeyeUSA.com[\/vc_column_text][\/vc_column][\/vc_row][vc_row][vc_column width=&#8220;1\/1&#8243;][vc_empty_space height=&#8220;50&#8243;][\/vc_column][\/vc_row][vc_row][vc_column width=&#8220;1\/1&#8243;][vc_column_text]BLACKEYE&#x2122; ist eine international eingetragene Marke. Jeder f\u00e4lschliche Gebrauch und jeder Missbrauch der BLACKEYE&#x2122; Marke wird rechtlich verfolgt. Leider zwingen uns eine Vielzahl von Trittbrettfahrern zu diesem Verfahren.[\/vc_column_text][\/vc_column][\/vc_row][vc_row][vc_column width=&#8220;1\/1&#8243;][vc_column_text]DISTRIBUTOREN die an unserem Produkt interessiert sind, schreiben uns bitte eine email an die oben genannte Adresse. Beschreiben Sie Ihr Sortiment und Marktsegment. Wir freuen uns auf Ihre Nachricht.[\/vc_column_text][\/vc_column][\/vc_row][vc_row][vc_column width=&#8220;1\/1&#8243;][vc_column_text]KUNDEN mit...\" \/>\n<meta property=\"og:url\" content=\"https:\/\/www.blackeyeusa.com\/de\/kontakt\/\" \/>\n<meta property=\"og:site_name\" content=\"Official BLACKEYE Homepage\" \/>\n<meta property=\"article:modified_time\" content=\"2019-03-19T13:43:48+00:00\" \/>\n<meta name=\"twitter:card\" content=\"summary_large_image\" \/>\n<meta name=\"twitter:label1\" content=\"Gesch\u00e4tzte Lesezeit\" \/>\n\t<meta name=\"twitter:data1\" content=\"2\u00a0Minuten\" \/>\n<!-- \/ Yoast SEO plugin. -->","yoast_head_json":{"title":"Official BLACKEYE Homepage | Kontakt","robots":{"index":"noindex","follow":"nofollow"},"og_locale":"de_DE","og_type":"article","og_title":"Official BLACKEYE Homepage | Kontakt","og_description":"[vc_row][vc_column width=&#8220;1\/1&#8243;][vc_empty_space height=&#8220;40&#8243;][\/vc_column][\/vc_row][vc_row row_type=&#8220;row&#8220; type=&#8220;full_width&#8220; text_align=&#8220;left&#8220;][vc_column width=&#8220;1\/2&#8243;][vc_column_text]BLACKEYE&#x2122; GmbH Europe Postfach 140147 80451 M\u00fcnchen Germany Telefon: +49-89-44429970 EMAIL: contact@blackeyeUSA.com[\/vc_column_text][\/vc_column][vc_column width=&#8220;1\/2&#8243;][vc_column_text]FORKS-NY LLC USA 1133 Broadway,Suite 706 New York, NY 10010 USA Please contact us by email for best response EMAIL: contact@blackeyeUSA.com[\/vc_column_text][\/vc_column][\/vc_row][vc_row][vc_column width=&#8220;1\/1&#8243;][vc_empty_space height=&#8220;50&#8243;][\/vc_column][\/vc_row][vc_row][vc_column width=&#8220;1\/1&#8243;][vc_column_text]BLACKEYE&#x2122; ist eine international eingetragene Marke. Jeder f\u00e4lschliche Gebrauch und jeder Missbrauch der BLACKEYE&#x2122; Marke wird rechtlich verfolgt. Leider zwingen uns eine Vielzahl von Trittbrettfahrern zu diesem Verfahren.[\/vc_column_text][\/vc_column][\/vc_row][vc_row][vc_column width=&#8220;1\/1&#8243;][vc_column_text]DISTRIBUTOREN die an unserem Produkt interessiert sind, schreiben uns bitte eine email an die oben genannte Adresse. Beschreiben Sie Ihr Sortiment und Marktsegment. Wir freuen uns auf Ihre Nachricht.[\/vc_column_text][\/vc_column][\/vc_row][vc_row][vc_column width=&#8220;1\/1&#8243;][vc_column_text]KUNDEN mit...","og_url":"https:\/\/www.blackeyeusa.com\/de\/kontakt\/","og_site_name":"Official BLACKEYE Homepage","article_modified_time":"2019-03-19T13:43:48+00:00","twitter_card":"summary_large_image","twitter_misc":{"Gesch\u00e4tzte Lesezeit":"2\u00a0Minuten"},"schema":{"@context":"https:\/\/schema.org","@graph":[{"@type":"WebPage","@id":"https:\/\/www.blackeyeusa.com\/de\/kontakt\/","url":"https:\/\/www.blackeyeusa.com\/de\/kontakt\/","name":"Official BLACKEYE Homepage | Kontakt","isPartOf":{"@id":"https:\/\/www.blackeyeusa.com\/#website"},"datePublished":"2014-10-11T09:10:59+00:00","dateModified":"2019-03-19T13:43:48+00:00","breadcrumb":{"@id":"https:\/\/www.blackeyeusa.com\/de\/kontakt\/#breadcrumb"},"inLanguage":"de","potentialAction":[{"@type":"ReadAction","target":["https:\/\/www.blackeyeusa.com\/de\/kontakt\/"]}]},{"@type":"BreadcrumbList","@id":"https:\/\/www.blackeyeusa.com\/de\/kontakt\/#breadcrumb","itemListElement":[{"@type":"ListItem","position":1,"name":"Home","item":"https:\/\/www.blackeyeusa.com\/de\/"},{"@type":"ListItem","position":2,"name":"Kontakt"}]},{"@type":"WebSite","@id":"https:\/\/www.blackeyeusa.com\/#website","url":"https:\/\/www.blackeyeusa.com\/","name":"Official BLACKEYE Homepage","description":"Universal Camera Mounts for your Head and Helmet","potentialAction":[{"@type":"SearchAction","target":{"@type":"EntryPoint","urlTemplate":"https:\/\/www.blackeyeusa.com\/?s={search_term_string}"},"query-input":"required name=search_term_string"}],"inLanguage":"de"}]}},"_links":{"self":[{"href":"https:\/\/www.blackeyeusa.com\/de\/wp-json\/wp\/v2\/pages\/396"}],"collection":[{"href":"https:\/\/www.blackeyeusa.com\/de\/wp-json\/wp\/v2\/pages"}],"about":[{"href":"https:\/\/www.blackeyeusa.com\/de\/wp-json\/wp\/v2\/types\/page"}],"author":[{"embeddable":true,"href":"https:\/\/www.blackeyeusa.com\/de\/wp-json\/wp\/v2\/users\/1"}],"replies":[{"embeddable":true,"href":"https:\/\/www.blackeyeusa.com\/de\/wp-json\/wp\/v2\/comments?post=396"}],"version-history":[{"count":3,"href":"https:\/\/www.blackeyeusa.com\/de\/wp-json\/wp\/v2\/pages\/396\/revisions"}],"predecessor-version":[{"id":4446,"href":"https:\/\/www.blackeyeusa.com\/de\/wp-json\/wp\/v2\/pages\/396\/revisions\/4446"}],"wp:attachment":[{"href":"https:\/\/www.blackeyeusa.com\/de\/wp-json\/wp\/v2\/media?parent=396"}],"curies":[{"name":"wp","href":"https:\/\/api.w.org\/{rel}","templated":true}]}}