{"id":799,"date":"2014-10-18T14:32:08","date_gmt":"2014-10-18T14:32:08","guid":{"rendered":"http:\/\/www.forks-newyork.com\/?page_id=799"},"modified":"2019-03-19T13:37:34","modified_gmt":"2019-03-19T13:37:34","slug":"support-und-gewaehrleistung","status":"publish","type":"page","link":"https:\/\/www.blackeyeusa.com\/de\/support-und-gewaehrleistung\/","title":{"rendered":"Support\/Gew\u00e4hrleistung"},"content":{"rendered":"<section class=\"wpb-content-wrapper\"><p>[vc_row][vc_column width=&#8220;1\/1&#8243;][vc_empty_space height=&#8220;60&#8243;][\/vc_column][\/vc_row][vc_row][vc_column width=&#8220;1\/1&#8243;][vc_column_text]<\/p>\n<h2>Ersatzteile und Reparatur<\/h2>\n<p>Unser Bestreben ist hundertprozentige Kundenzufriedenheit. Wir werden dich immer unkompliziert mit kosteng\u00fcnstigen Teilen und Ersatzteilen versorgen. Sende uns eine email und wir werden dir immer bestm\u00f6glich helfen. Damit auch du ein zufriedener Kunde bist.<\/p>\n<p>Wir bringen in regelm\u00e4ssigen Abst\u00e4nden Upgrades oder Zubeh\u00f6r auf den Markt. Deshalb ist es hin und wieder sinnvoll unseren Online Shop zu besuchen.[\/vc_column_text][\/vc_column][\/vc_row][vc_row][vc_column width=&#8220;1\/1&#8243; css=&#8220;.vc_custom_1413641309279{margin-top: 50px !important;}&#8220;][vc_single_image image=&#8220;788&#8243; border_color=&#8220;grey&#8220; img_link_target=&#8220;_self&#8220; img_size=&#8220;434&#215;260&#8243;][\/vc_column][\/vc_row][vc_row][vc_column width=&#8220;1\/1&#8243;][vc_empty_space height=&#8220;60&#8243;][\/vc_column][\/vc_row][vc_row][vc_column width=&#8220;1\/1&#8243;][vc_column_text]<\/p>\n<h2>Gew\u00e4hrleistung<\/h2>\n<p>BLACKEYE&#x2122; gew\u00e4hrt Garantie auf fehlerhafte Produkte innerhalb der gesetzlichen Gew\u00e4hrleistungspflicht. Im Falle einer berechtigten Reklamation werden defekte Produkte von BLACKEYE&#x2122; kostenlos repariert oder gegen neue ausgetauscht. Die Entscheidung \u00fcber Reparatur oder Austausch obliegt BLACKEYE&#x2122;.<\/p>\n<p>Ausgeschlossen von der Gew\u00e4hrleistung sind:<\/p>\n<p>1. Besch\u00e4digungen durch unsachgem\u00e4sse Handhabung und mangelndem Verst\u00e4ndnis der Funktionsweise des Produkts.<br \/>\n2. Besch\u00e4digungen durch irregul\u00e4ren Einfluss von Wasser, Hitze, Schnee oder extremer Luftfeuchtigkeit.<br \/>\n3. Ausgelaufene oder besch\u00e4digte Batterien.<br \/>\n4. Besch\u00e4digungen durch Ab\u00e4nderung des Produkts, Missbrauch, mangelnde Pflege oder ausgelaufene Batterien.<br \/>\n5. Kratzer und andere kosmetische Besch\u00e4digungen oder daraus folgende Besch\u00e4digungen.<br \/>\n6. Durch unauthorisiertes Personal ge\u00f6ffnete oder reparierte Produkte.<\/p>\n<p><strong>BLACKEYE&#x2122; ist nicht verantwortlich f\u00fcr Verlust oder Besch\u00e4digungen von Ger\u00e4ten von Drittherstellern (Kameras, Helme, Sportger\u00e4te, etc.) insbesondere Produkte die in Verbindung mit BLACKEYE&#x2122; Produkten zum Filmen o.\u00e4. eingesetzt werden.<\/strong><\/p>\n<p>Sollten oben genannte Punkte den etwaigen \u00f6rtlichen gesetzlichen Bestimmungen widersprechen, so sind sie als nichtig zu betrachten. Alle \u00fcbrigen oben genannten Punkte bleiben dabei in Kraft.<\/p>\n<p><strong>So macht man einen Gew\u00e4hrleistungsanspruch geltend<\/strong><\/p>\n<p>1. Haben Sie einen Gew\u00e4hrleistungsanspruch, wenden Sie sich bitte zuerst an den H\u00e4ndler, der Ihnen das Produkt verkauft hat. Ist dies aus unterschiedlichsten Gr\u00fcnden nicht m\u00f6glich, kontaktieren Sie die BLACKEYE&#x2122; Customer Service Abteilung (contact@blackeyeusa.com).<\/p>\n<p>2. Fragen Sie nach einer RGA Nummer (Return Goods Authorisation), die Sie zur R\u00fccksendung des Produkts an BLACKEYE&#x2122; ben\u00f6tigen.<\/p>\n<p>3. Legen Sie den originalen Kaufbeleg der Sendung bei und vergessen Sie nicht, Ihre Adresse f\u00fcr den R\u00fcckversand klar und deutlich anzugeben.<\/p>\n<p>4. Senden Sie die Sendung ausreichend frankiert an die BLACKEYE&#x2122; Adresse, die Ihnen zusammen mit der RGA Nummer ausgegeben wurde. Geben Sie die RGA Nummer gut sichtbar auf der Aussenseite der Sendung an. <strong>Sendungen ohne RGA Nummer werden nicht angenommen.<\/strong> Versenden Sie vorzugsweise mit einem Versender, der die M\u00f6glichkeit der Sendestatusabfrage anbietet (z. B. GLS\u00ae, FEDEX\u00ae, UPS\u00ae etc.). Die Versandart mit Sendungsverfolgung kann bei Transportproblemen von Vorteil sein.[\/vc_column_text][\/vc_column][\/vc_row][vc_row][vc_column width=&#8220;1\/1&#8243;][vc_empty_space height=&#8220;100&#8243;][\/vc_column][\/vc_row]<\/p>\n<\/section>","protected":false},"excerpt":{"rendered":"<p>[vc_row][vc_column width=&#8220;1\/1&#8243;][vc_empty_space height=&#8220;60&#8243;][\/vc_column][\/vc_row][vc_row][vc_column width=&#8220;1\/1&#8243;][vc_column_text] Ersatzteile und Reparatur Unser Bestreben ist hundertprozentige Kundenzufriedenheit. Wir werden dich immer unkompliziert mit kosteng\u00fcnstigen Teilen und Ersatzteilen versorgen. Sende uns eine email und wir werden dir immer bestm\u00f6glich helfen. Damit auch du ein zufriedener Kunde bist. Wir bringen in regelm\u00e4ssigen Abst\u00e4nden Upgrades oder Zubeh\u00f6r auf den Markt. Deshalb ist es hin und wieder sinnvoll unseren Online Shop zu besuchen.[\/vc_column_text][\/vc_column][\/vc_row][vc_row][vc_column width=&#8220;1\/1&#8243; css=&#8220;.vc_custom_1413641309279{margin-top: 50px !important;}&#8220;][vc_single_image image=&#8220;788&#8243; border_color=&#8220;grey&#8220; img_link_target=&#8220;_self&#8220; img_size=&#8220;434&#215;260&#8243;][\/vc_column][\/vc_row][vc_row][vc_column width=&#8220;1\/1&#8243;][vc_empty_space height=&#8220;60&#8243;][\/vc_column][\/vc_row][vc_row][vc_column width=&#8220;1\/1&#8243;][vc_column_text] Gew\u00e4hrleistung BLACKEYE&#x2122; gew\u00e4hrt Garantie auf fehlerhafte Produkte innerhalb der gesetzlichen Gew\u00e4hrleistungspflicht. Im Falle einer berechtigten Reklamation werden defekte Produkte von BLACKEYE&#x2122; kostenlos repariert oder gegen&#8230;<\/p>\n","protected":false},"author":1,"featured_media":0,"parent":0,"menu_order":0,"comment_status":"open","ping_status":"closed","template":"","meta":[],"yoast_head":"<!-- This site is optimized with the Yoast SEO plugin v21.0 - https:\/\/yoast.com\/wordpress\/plugins\/seo\/ -->\n<title>Official BLACKEYE Homepage | Support\/Gew\u00e4hrleistung<\/title>\n<meta name=\"robots\" content=\"noindex, nofollow\" \/>\n<meta property=\"og:locale\" content=\"de_DE\" \/>\n<meta property=\"og:type\" content=\"article\" \/>\n<meta property=\"og:title\" content=\"Official BLACKEYE Homepage | Support\/Gew\u00e4hrleistung\" \/>\n<meta property=\"og:description\" content=\"[vc_row][vc_column width=&#8220;1\/1&#8243;][vc_empty_space height=&#8220;60&#8243;][\/vc_column][\/vc_row][vc_row][vc_column width=&#8220;1\/1&#8243;][vc_column_text] Ersatzteile und Reparatur Unser Bestreben ist hundertprozentige Kundenzufriedenheit. Wir werden dich immer unkompliziert mit kosteng\u00fcnstigen Teilen und Ersatzteilen versorgen. Sende uns eine email und wir werden dir immer bestm\u00f6glich helfen. Damit auch du ein zufriedener Kunde bist. Wir bringen in regelm\u00e4ssigen Abst\u00e4nden Upgrades oder Zubeh\u00f6r auf den Markt. Deshalb ist es hin und wieder sinnvoll unseren Online Shop zu besuchen.[\/vc_column_text][\/vc_column][\/vc_row][vc_row][vc_column width=&#8220;1\/1&#8243; css=&#8220;.vc_custom_1413641309279{margin-top: 50px !important;}&#8220;][vc_single_image image=&#8220;788&#8243; border_color=&#8220;grey&#8220; img_link_target=&#8220;_self&#8220; img_size=&#8220;434&#215;260&#8243;][\/vc_column][\/vc_row][vc_row][vc_column width=&#8220;1\/1&#8243;][vc_empty_space height=&#8220;60&#8243;][\/vc_column][\/vc_row][vc_row][vc_column width=&#8220;1\/1&#8243;][vc_column_text] Gew\u00e4hrleistung BLACKEYE&#x2122; gew\u00e4hrt Garantie auf fehlerhafte Produkte innerhalb der gesetzlichen Gew\u00e4hrleistungspflicht. Im Falle einer berechtigten Reklamation werden defekte Produkte von BLACKEYE&#x2122; kostenlos repariert oder gegen...\" \/>\n<meta property=\"og:url\" content=\"https:\/\/www.blackeyeusa.com\/de\/support-und-gewaehrleistung\/\" \/>\n<meta property=\"og:site_name\" content=\"Official BLACKEYE Homepage\" \/>\n<meta property=\"article:modified_time\" content=\"2019-03-19T13:37:34+00:00\" \/>\n<meta name=\"twitter:card\" content=\"summary_large_image\" \/>\n<meta name=\"twitter:label1\" content=\"Gesch\u00e4tzte Lesezeit\" \/>\n\t<meta name=\"twitter:data1\" content=\"2\u00a0Minuten\" \/>\n<!-- \/ Yoast SEO plugin. -->","yoast_head_json":{"title":"Official BLACKEYE Homepage | Support\/Gew\u00e4hrleistung","robots":{"index":"noindex","follow":"nofollow"},"og_locale":"de_DE","og_type":"article","og_title":"Official BLACKEYE Homepage | Support\/Gew\u00e4hrleistung","og_description":"[vc_row][vc_column width=&#8220;1\/1&#8243;][vc_empty_space height=&#8220;60&#8243;][\/vc_column][\/vc_row][vc_row][vc_column width=&#8220;1\/1&#8243;][vc_column_text] Ersatzteile und Reparatur Unser Bestreben ist hundertprozentige Kundenzufriedenheit. Wir werden dich immer unkompliziert mit kosteng\u00fcnstigen Teilen und Ersatzteilen versorgen. Sende uns eine email und wir werden dir immer bestm\u00f6glich helfen. Damit auch du ein zufriedener Kunde bist. Wir bringen in regelm\u00e4ssigen Abst\u00e4nden Upgrades oder Zubeh\u00f6r auf den Markt. Deshalb ist es hin und wieder sinnvoll unseren Online Shop zu besuchen.[\/vc_column_text][\/vc_column][\/vc_row][vc_row][vc_column width=&#8220;1\/1&#8243; css=&#8220;.vc_custom_1413641309279{margin-top: 50px !important;}&#8220;][vc_single_image image=&#8220;788&#8243; border_color=&#8220;grey&#8220; img_link_target=&#8220;_self&#8220; img_size=&#8220;434&#215;260&#8243;][\/vc_column][\/vc_row][vc_row][vc_column width=&#8220;1\/1&#8243;][vc_empty_space height=&#8220;60&#8243;][\/vc_column][\/vc_row][vc_row][vc_column width=&#8220;1\/1&#8243;][vc_column_text] Gew\u00e4hrleistung BLACKEYE&#x2122; gew\u00e4hrt Garantie auf fehlerhafte Produkte innerhalb der gesetzlichen Gew\u00e4hrleistungspflicht. Im Falle einer berechtigten Reklamation werden defekte Produkte von BLACKEYE&#x2122; kostenlos repariert oder gegen...","og_url":"https:\/\/www.blackeyeusa.com\/de\/support-und-gewaehrleistung\/","og_site_name":"Official BLACKEYE Homepage","article_modified_time":"2019-03-19T13:37:34+00:00","twitter_card":"summary_large_image","twitter_misc":{"Gesch\u00e4tzte Lesezeit":"2\u00a0Minuten"},"schema":{"@context":"https:\/\/schema.org","@graph":[{"@type":"WebPage","@id":"https:\/\/www.blackeyeusa.com\/de\/support-und-gewaehrleistung\/","url":"https:\/\/www.blackeyeusa.com\/de\/support-und-gewaehrleistung\/","name":"Official BLACKEYE Homepage | Support\/Gew\u00e4hrleistung","isPartOf":{"@id":"https:\/\/www.blackeyeusa.com\/#website"},"datePublished":"2014-10-18T14:32:08+00:00","dateModified":"2019-03-19T13:37:34+00:00","breadcrumb":{"@id":"https:\/\/www.blackeyeusa.com\/de\/support-und-gewaehrleistung\/#breadcrumb"},"inLanguage":"de","potentialAction":[{"@type":"ReadAction","target":["https:\/\/www.blackeyeusa.com\/de\/support-und-gewaehrleistung\/"]}]},{"@type":"BreadcrumbList","@id":"https:\/\/www.blackeyeusa.com\/de\/support-und-gewaehrleistung\/#breadcrumb","itemListElement":[{"@type":"ListItem","position":1,"name":"Home","item":"https:\/\/www.blackeyeusa.com\/de\/"},{"@type":"ListItem","position":2,"name":"Support\/Gew\u00e4hrleistung"}]},{"@type":"WebSite","@id":"https:\/\/www.blackeyeusa.com\/#website","url":"https:\/\/www.blackeyeusa.com\/","name":"Official BLACKEYE Homepage","description":"Universal Camera Mounts for your Head and Helmet","potentialAction":[{"@type":"SearchAction","target":{"@type":"EntryPoint","urlTemplate":"https:\/\/www.blackeyeusa.com\/?s={search_term_string}"},"query-input":"required name=search_term_string"}],"inLanguage":"de"}]}},"_links":{"self":[{"href":"https:\/\/www.blackeyeusa.com\/de\/wp-json\/wp\/v2\/pages\/799"}],"collection":[{"href":"https:\/\/www.blackeyeusa.com\/de\/wp-json\/wp\/v2\/pages"}],"about":[{"href":"https:\/\/www.blackeyeusa.com\/de\/wp-json\/wp\/v2\/types\/page"}],"author":[{"embeddable":true,"href":"https:\/\/www.blackeyeusa.com\/de\/wp-json\/wp\/v2\/users\/1"}],"replies":[{"embeddable":true,"href":"https:\/\/www.blackeyeusa.com\/de\/wp-json\/wp\/v2\/comments?post=799"}],"version-history":[{"count":3,"href":"https:\/\/www.blackeyeusa.com\/de\/wp-json\/wp\/v2\/pages\/799\/revisions"}],"predecessor-version":[{"id":4445,"href":"https:\/\/www.blackeyeusa.com\/de\/wp-json\/wp\/v2\/pages\/799\/revisions\/4445"}],"wp:attachment":[{"href":"https:\/\/www.blackeyeusa.com\/de\/wp-json\/wp\/v2\/media?parent=799"}],"curies":[{"name":"wp","href":"https:\/\/api.w.org\/{rel}","templated":true}]}}