{"id":2068,"date":"2014-10-10T13:24:21","date_gmt":"2014-10-10T13:24:21","guid":{"rendered":"http:\/\/www.forks-newyork.com\/?product=blackeye-beutel"},"modified":"2019-03-21T12:00:38","modified_gmt":"2019-03-21T12:00:38","slug":"microfaser-beutel","status":"publish","type":"product","link":"https:\/\/www.blackeyeusa.com\/de\/produkt\/microfaser-beutel\/","title":{"rendered":"Microfaser Beutel"},"content":{"rendered":"<section class=\"wpb-content-wrapper\"><p>[vc_row row_type=&#8220;row&#8220; type=&#8220;full_width&#8220; text_align=&#8220;left&#8220; css_animation=&#8220;&#8220;][vc_column][vc_column_text]<a title=\"Versandkosten und Lieferzeiten\" href=\"https:\/\/www.blackeyeusa.com\/de\/versandkosten-und-lieferzeiten\/?lang=de\">Die Versandkosten und Lieferzeiten finden Sie hier.<\/a>[\/vc_column_text][\/vc_column][\/vc_row][vc_row row_type=&#8220;row&#8220; type=&#8220;full_width&#8220; text_align=&#8220;left&#8220; css_animation=&#8220;&#8220;][vc_column][vc_separator type=&#8220;normal&#8220; color=&#8220;#d3d3d3&#8243; thickness=&#8220;1&#8243; up=&#8220;20&#8243; down=&#8220;20&#8243;][\/vc_column][\/vc_row][vc_row row_type=&#8220;row&#8220; type=&#8220;full_width&#8220; text_align=&#8220;left&#8220; css_animation=&#8220;&#8220;][vc_column][vc_column_text]Kann auch f\u00fcr zum Schutz f\u00fcr Kameras, Brillen und anderen empfindlichen Gegenst\u00e4nden benutzt werden.[\/vc_column_text][\/vc_column][\/vc_row]<\/p>\n<\/section>","protected":false},"excerpt":{"rendered":"<p>Micofaser Schutzbeutel f\u00fcr Blackeye Produkte, Skibrillen, Sonnenbrillen, etc&#8230;<\/p>\n","protected":false},"featured_media":2366,"template":"","meta":[],"product_cat":[43],"product_tag":[],"yoast_head":"<!-- This site is optimized with the Yoast SEO plugin v21.0 - https:\/\/yoast.com\/wordpress\/plugins\/seo\/ -->\n<title>Official BLACKEYE Homepage | Microfaser Beutel<\/title>\n<meta name=\"description\" content=\"Microfaser Beutel f\u00fcr Blackeye Produkte, oder andere Gegenst\u00e4nde. Zum Aufbewaren und Abwischen. Ideal f\u00fcr Kameras oder Brillen, etc.\" \/>\n<meta name=\"robots\" content=\"index, follow, max-snippet:-1, max-image-preview:large, max-video-preview:-1\" \/>\n<link rel=\"canonical\" href=\"https:\/\/www.blackeyeusa.com\/de\/produkt\/microfaser-beutel\/\" \/>\n<meta property=\"og:locale\" content=\"de_DE\" \/>\n<meta property=\"og:type\" content=\"article\" \/>\n<meta property=\"og:title\" content=\"Official BLACKEYE Homepage | Microfaser Beutel\" \/>\n<meta property=\"og:description\" content=\"Microfaser Beutel f\u00fcr Blackeye Produkte, oder andere Gegenst\u00e4nde. Zum Aufbewaren und Abwischen. Ideal f\u00fcr Kameras oder Brillen, etc.\" \/>\n<meta property=\"og:url\" content=\"https:\/\/www.blackeyeusa.com\/de\/produkt\/microfaser-beutel\/\" \/>\n<meta property=\"og:site_name\" content=\"Official BLACKEYE Homepage\" \/>\n<meta property=\"article:modified_time\" content=\"2019-03-21T12:00:38+00:00\" \/>\n<meta property=\"og:image\" content=\"https:\/\/www.blackeyeusa.com\/wp-content\/uploads\/2014\/10\/ShopPouch.jpg\" \/>\n\t<meta property=\"og:image:width\" content=\"800\" \/>\n\t<meta property=\"og:image:height\" content=\"800\" \/>\n\t<meta property=\"og:image:type\" content=\"image\/jpeg\" \/>\n<meta name=\"twitter:card\" content=\"summary_large_image\" \/>\n<meta name=\"twitter:label1\" content=\"Gesch\u00e4tzte Lesezeit\" \/>\n\t<meta name=\"twitter:data1\" content=\"1\u00a0Minute\" \/>\n<!-- \/ Yoast SEO plugin. -->","yoast_head_json":{"title":"Official BLACKEYE Homepage | Microfaser Beutel","description":"Microfaser Beutel f\u00fcr Blackeye Produkte, oder andere Gegenst\u00e4nde. Zum Aufbewaren und Abwischen. Ideal f\u00fcr Kameras oder Brillen, etc.","robots":{"index":"index","follow":"follow","max-snippet":"max-snippet:-1","max-image-preview":"max-image-preview:large","max-video-preview":"max-video-preview:-1"},"canonical":"https:\/\/www.blackeyeusa.com\/de\/produkt\/microfaser-beutel\/","og_locale":"de_DE","og_type":"article","og_title":"Official BLACKEYE Homepage | Microfaser Beutel","og_description":"Microfaser Beutel f\u00fcr Blackeye Produkte, oder andere Gegenst\u00e4nde. Zum Aufbewaren und Abwischen. Ideal f\u00fcr Kameras oder Brillen, etc.","og_url":"https:\/\/www.blackeyeusa.com\/de\/produkt\/microfaser-beutel\/","og_site_name":"Official BLACKEYE Homepage","article_modified_time":"2019-03-21T12:00:38+00:00","og_image":[{"width":800,"height":800,"url":"https:\/\/www.blackeyeusa.com\/wp-content\/uploads\/2014\/10\/ShopPouch.jpg","type":"image\/jpeg"}],"twitter_card":"summary_large_image","twitter_misc":{"Gesch\u00e4tzte Lesezeit":"1\u00a0Minute"},"schema":{"@context":"https:\/\/schema.org","@graph":[{"@type":"WebPage","@id":"https:\/\/www.blackeyeusa.com\/de\/produkt\/microfaser-beutel\/","url":"https:\/\/www.blackeyeusa.com\/de\/produkt\/microfaser-beutel\/","name":"Official BLACKEYE Homepage | Microfaser Beutel","isPartOf":{"@id":"https:\/\/www.blackeyeusa.com\/#website"},"datePublished":"2014-10-10T13:24:21+00:00","dateModified":"2019-03-21T12:00:38+00:00","description":"Microfaser Beutel f\u00fcr Blackeye Produkte, oder andere Gegenst\u00e4nde. Zum Aufbewaren und Abwischen. Ideal f\u00fcr Kameras oder Brillen, etc.","breadcrumb":{"@id":"https:\/\/www.blackeyeusa.com\/de\/produkt\/microfaser-beutel\/#breadcrumb"},"inLanguage":"de","potentialAction":[{"@type":"ReadAction","target":["https:\/\/www.blackeyeusa.com\/de\/produkt\/microfaser-beutel\/"]}]},{"@type":"BreadcrumbList","@id":"https:\/\/www.blackeyeusa.com\/de\/produkt\/microfaser-beutel\/#breadcrumb","itemListElement":[{"@type":"ListItem","position":1,"name":"Home","item":"https:\/\/www.blackeyeusa.com\/de\/"},{"@type":"ListItem","position":2,"name":"Shop","item":"https:\/\/www.blackeyeusa.com\/de\/online-shop\/"},{"@type":"ListItem","position":3,"name":"Microfaser Beutel"}]},{"@type":"WebSite","@id":"https:\/\/www.blackeyeusa.com\/#website","url":"https:\/\/www.blackeyeusa.com\/","name":"Official BLACKEYE Homepage","description":"Universal Camera Mounts for your Head and Helmet","potentialAction":[{"@type":"SearchAction","target":{"@type":"EntryPoint","urlTemplate":"https:\/\/www.blackeyeusa.com\/?s={search_term_string}"},"query-input":"required name=search_term_string"}],"inLanguage":"de"}]}},"_links":{"self":[{"href":"https:\/\/www.blackeyeusa.com\/de\/wp-json\/wp\/v2\/product\/2068"}],"collection":[{"href":"https:\/\/www.blackeyeusa.com\/de\/wp-json\/wp\/v2\/product"}],"about":[{"href":"https:\/\/www.blackeyeusa.com\/de\/wp-json\/wp\/v2\/types\/product"}],"wp:featuredmedia":[{"embeddable":true,"href":"https:\/\/www.blackeyeusa.com\/de\/wp-json\/wp\/v2\/media\/2366"}],"wp:attachment":[{"href":"https:\/\/www.blackeyeusa.com\/de\/wp-json\/wp\/v2\/media?parent=2068"}],"wp:term":[{"taxonomy":"product_cat","embeddable":true,"href":"https:\/\/www.blackeyeusa.com\/de\/wp-json\/wp\/v2\/product_cat?post=2068"},{"taxonomy":"product_tag","embeddable":true,"href":"https:\/\/www.blackeyeusa.com\/de\/wp-json\/wp\/v2\/product_tag?post=2068"}],"curies":[{"name":"wp","href":"https:\/\/api.w.org\/{rel}","templated":true}]}}