{"id":2191,"date":"2014-11-20T15:29:33","date_gmt":"2014-11-20T15:29:33","guid":{"rendered":"http:\/\/www.forks-newyork.com\/?product=blackeye-zero-helm-halterung-2"},"modified":"2019-03-14T10:01:27","modified_gmt":"2019-03-14T10:01:27","slug":"blackeye-zero-helm-halterung","status":"publish","type":"product","link":"https:\/\/www.blackeyeusa.com\/de\/produkt\/blackeye-zero-helm-halterung\/","title":{"rendered":"BLACKEYE ZERO Helm Halterung"},"content":{"rendered":"<section class=\"wpb-content-wrapper\"><p>[vc_row][vc_column width=&#8220;1\/1&#8243;][vc_column_text]<a title=\"Versandkosten und Lieferzeiten\" href=\"https:\/\/www.blackeyeusa.com\/de\/versandkosten-und-lieferzeiten\/?amp;lang=de\">Die Versandkosten und Lieferzeiten finden Sie hier.<\/a>[\/vc_column_text][\/vc_column][\/vc_row][vc_row][vc_column width=&#8220;1\/1&#8243;][vc_separator type=&#8220;normal&#8220; position=&#8220;center&#8220; circle_position=&#8220;circle_center&#8220; color=&#8220;#d3d3d3&#8243; thickness=&#8220;1&#8243; up=&#8220;20&#8243; down=&#8220;20&#8243;][\/vc_column][\/vc_row][vc_row][vc_column][vc_column_text]Entwickelt und montiert in Europa, produziert in China.<\/p>\n<p>Helmanpassung: Wird geliefert mit unterschiedlichen Helmadaptern f\u00fcr Helme mit normalen Kr\u00fcmmungen und Helme mit weniger gekr\u00fcmmten Oberfl\u00e4chen.<\/p>\n<p>Klebeverbindung: Original 3M\u00ae Klebeverbinder.<\/p>\n<p>Sicherheit: Wird geliefert mit 100cm Sicherheitsleine und Karabiner zum Einh\u00e4ngen.<\/p>\n<p>Gewicht: 90 gr (3.18 oz)<\/p>\n<p>Kompatibilit\u00e4t: Passt f\u00fcr alle modernen digitalen Kompaktkameras von CANON \u00ae, FUJI \u00ae, NIKON \u00ae, PANASONIC \u00ae, OLYMPUS \u00ae, Ricoh\u00ae und vielen anderen Herstellern.[\/vc_column_text][\/vc_column][\/vc_row]<\/p>\n<\/section>","protected":false},"excerpt":{"rendered":"<p>Action Helm Halterung f\u00fcr digitale Kompaktkameras<\/p>\n<p>Zum Filmen bei Aktivit\u00e4ten mit Helm. F\u00fcr Sport, Outdoor, Freizeit, Business, Training und Dokumentation.<\/p>\n","protected":false},"featured_media":2363,"template":"","meta":[],"product_cat":[43],"product_tag":[],"yoast_head":"<!-- This site is optimized with the Yoast SEO plugin v21.0 - https:\/\/yoast.com\/wordpress\/plugins\/seo\/ -->\n<title>Official BLACKEYE Homepage | BLACKEYE ZERO Helm Halterung<\/title>\n<meta name=\"description\" content=\"The Universal Helmet Clip Mount for regular cameras. For hands free filming with your camera. Mount your camera to your helmet like an action camera.\" \/>\n<meta name=\"robots\" content=\"index, follow, max-snippet:-1, max-image-preview:large, max-video-preview:-1\" \/>\n<link rel=\"canonical\" href=\"https:\/\/www.blackeyeusa.com\/de\/produkt\/blackeye-zero-helm-halterung\/\" \/>\n<meta property=\"og:locale\" content=\"de_DE\" \/>\n<meta property=\"og:type\" content=\"article\" \/>\n<meta property=\"og:title\" content=\"Official BLACKEYE Homepage | BLACKEYE ZERO Helm Halterung\" \/>\n<meta property=\"og:description\" content=\"The Universal Helmet Clip Mount for regular cameras. For hands free filming with your camera. Mount your camera to your helmet like an action camera.\" \/>\n<meta property=\"og:url\" content=\"https:\/\/www.blackeyeusa.com\/de\/produkt\/blackeye-zero-helm-halterung\/\" \/>\n<meta property=\"og:site_name\" content=\"Official BLACKEYE Homepage\" \/>\n<meta property=\"article:modified_time\" content=\"2019-03-14T10:01:27+00:00\" \/>\n<meta property=\"og:image\" content=\"https:\/\/www.blackeyeusa.com\/wp-content\/uploads\/2014\/11\/ShopHelmetMount.jpg\" \/>\n\t<meta property=\"og:image:width\" content=\"800\" \/>\n\t<meta property=\"og:image:height\" content=\"800\" \/>\n\t<meta property=\"og:image:type\" content=\"image\/jpeg\" \/>\n<meta name=\"twitter:card\" content=\"summary_large_image\" \/>\n<meta name=\"twitter:label1\" content=\"Gesch\u00e4tzte Lesezeit\" \/>\n\t<meta name=\"twitter:data1\" content=\"1\u00a0Minute\" \/>\n<!-- \/ Yoast SEO plugin. -->","yoast_head_json":{"title":"Official BLACKEYE Homepage | BLACKEYE ZERO Helm Halterung","description":"The Universal Helmet Clip Mount for regular cameras. For hands free filming with your camera. Mount your camera to your helmet like an action camera.","robots":{"index":"index","follow":"follow","max-snippet":"max-snippet:-1","max-image-preview":"max-image-preview:large","max-video-preview":"max-video-preview:-1"},"canonical":"https:\/\/www.blackeyeusa.com\/de\/produkt\/blackeye-zero-helm-halterung\/","og_locale":"de_DE","og_type":"article","og_title":"Official BLACKEYE Homepage | BLACKEYE ZERO Helm Halterung","og_description":"The Universal Helmet Clip Mount for regular cameras. For hands free filming with your camera. Mount your camera to your helmet like an action camera.","og_url":"https:\/\/www.blackeyeusa.com\/de\/produkt\/blackeye-zero-helm-halterung\/","og_site_name":"Official BLACKEYE Homepage","article_modified_time":"2019-03-14T10:01:27+00:00","og_image":[{"width":800,"height":800,"url":"https:\/\/www.blackeyeusa.com\/wp-content\/uploads\/2014\/11\/ShopHelmetMount.jpg","type":"image\/jpeg"}],"twitter_card":"summary_large_image","twitter_misc":{"Gesch\u00e4tzte Lesezeit":"1\u00a0Minute"},"schema":{"@context":"https:\/\/schema.org","@graph":[{"@type":"WebPage","@id":"https:\/\/www.blackeyeusa.com\/de\/produkt\/blackeye-zero-helm-halterung\/","url":"https:\/\/www.blackeyeusa.com\/de\/produkt\/blackeye-zero-helm-halterung\/","name":"Official BLACKEYE Homepage | BLACKEYE ZERO Helm Halterung","isPartOf":{"@id":"https:\/\/www.blackeyeusa.com\/#website"},"datePublished":"2014-11-20T15:29:33+00:00","dateModified":"2019-03-14T10:01:27+00:00","description":"The Universal Helmet Clip Mount for regular cameras. For hands free filming with your camera. Mount your camera to your helmet like an action camera.","breadcrumb":{"@id":"https:\/\/www.blackeyeusa.com\/de\/produkt\/blackeye-zero-helm-halterung\/#breadcrumb"},"inLanguage":"de","potentialAction":[{"@type":"ReadAction","target":["https:\/\/www.blackeyeusa.com\/de\/produkt\/blackeye-zero-helm-halterung\/"]}]},{"@type":"BreadcrumbList","@id":"https:\/\/www.blackeyeusa.com\/de\/produkt\/blackeye-zero-helm-halterung\/#breadcrumb","itemListElement":[{"@type":"ListItem","position":1,"name":"Home","item":"https:\/\/www.blackeyeusa.com\/de\/"},{"@type":"ListItem","position":2,"name":"Shop","item":"https:\/\/www.blackeyeusa.com\/de\/online-shop\/"},{"@type":"ListItem","position":3,"name":"BLACKEYE ZERO Helm Halterung"}]},{"@type":"WebSite","@id":"https:\/\/www.blackeyeusa.com\/#website","url":"https:\/\/www.blackeyeusa.com\/","name":"Official BLACKEYE Homepage","description":"Universal Camera Mounts for your Head and Helmet","potentialAction":[{"@type":"SearchAction","target":{"@type":"EntryPoint","urlTemplate":"https:\/\/www.blackeyeusa.com\/?s={search_term_string}"},"query-input":"required name=search_term_string"}],"inLanguage":"de"}]}},"_links":{"self":[{"href":"https:\/\/www.blackeyeusa.com\/de\/wp-json\/wp\/v2\/product\/2191"}],"collection":[{"href":"https:\/\/www.blackeyeusa.com\/de\/wp-json\/wp\/v2\/product"}],"about":[{"href":"https:\/\/www.blackeyeusa.com\/de\/wp-json\/wp\/v2\/types\/product"}],"wp:featuredmedia":[{"embeddable":true,"href":"https:\/\/www.blackeyeusa.com\/de\/wp-json\/wp\/v2\/media\/2363"}],"wp:attachment":[{"href":"https:\/\/www.blackeyeusa.com\/de\/wp-json\/wp\/v2\/media?parent=2191"}],"wp:term":[{"taxonomy":"product_cat","embeddable":true,"href":"https:\/\/www.blackeyeusa.com\/de\/wp-json\/wp\/v2\/product_cat?post=2191"},{"taxonomy":"product_tag","embeddable":true,"href":"https:\/\/www.blackeyeusa.com\/de\/wp-json\/wp\/v2\/product_tag?post=2191"}],"curies":[{"name":"wp","href":"https:\/\/api.w.org\/{rel}","templated":true}]}}