{"id":2195,"date":"2014-11-20T16:06:42","date_gmt":"2014-11-20T16:06:42","guid":{"rendered":""},"modified":"2019-03-21T11:40:09","modified_gmt":"2019-03-21T11:40:09","slug":"3m-klebeverbinder","status":"publish","type":"product","link":"https:\/\/www.blackeyeusa.com\/de\/produkt\/3m-klebeverbinder\/","title":{"rendered":"3M\u00ae Klebeverbinder"},"content":{"rendered":"<section class=\"wpb-content-wrapper\"><p>[vc_row row_type=&#8220;row&#8220; type=&#8220;full_width&#8220; text_align=&#8220;left&#8220; css_animation=&#8220;&#8220;][vc_column][vc_column_text]<span class=\"s1\" style=\"color: #333333;\"><a style=\"color: #333333;\" title=\"Versandkosten und Lieferzeiten\" href=\"https:\/\/www.blackeyeusa.com\/de\/versandkosten-und-lieferzeiten\/?amp;lang=de\">Die Versandkosten und Lieferzeiten finden Sie hier.<\/a><\/span>[\/vc_column_text][\/vc_column][\/vc_row][vc_row row_type=&#8220;row&#8220; type=&#8220;full_width&#8220; text_align=&#8220;left&#8220; css_animation=&#8220;&#8220;][vc_column][vc_separator type=&#8220;normal&#8220; color=&#8220;#d3d3d3&#8243; thickness=&#8220;1&#8243; up=&#8220;20&#8243; down=&#8220;20&#8243;][\/vc_column][\/vc_row][vc_row row_type=&#8220;row&#8220; type=&#8220;full_width&#8220; text_align=&#8220;left&#8220; css_animation=&#8220;&#8220;][vc_column][vc_column_text]F\u00fcr BLACKEYE Produkte oder andere Helmkamera Modelle von GoPro\u00ae, Rollei\u00ae, Garmin\u00ae, etc. Bitte beachte die ben\u00f6tigte Gr\u00f6sse. Die Gr\u00f6sse der angebotenen Klebeverbinder ist 34\u00d744 mm.[\/vc_column_text][\/vc_column][\/vc_row]<\/p>\n<\/section>","protected":false},"excerpt":{"rendered":"<p>Doppelseitige Klebe Pads aus original 3M\u00ae Material. 4 St\u00fcck a 34x44mm.<\/p>\n","protected":false},"featured_media":2382,"template":"","meta":[],"product_cat":[43],"product_tag":[],"yoast_head":"<!-- This site is optimized with the Yoast SEO plugin v21.0 - https:\/\/yoast.com\/wordpress\/plugins\/seo\/ -->\n<title>Official BLACKEYE Homepage | 3M\u00ae Klebeverbinder<\/title>\n<meta name=\"description\" content=\"3M\u00ae Klebeverbinder zum Befestigen von Kameras an Helmen. Wir benutzen original 3M Material f\u00fcr beste und zuverl\u00e4ssige Klebeverbindungen.\" \/>\n<meta name=\"robots\" content=\"index, follow, max-snippet:-1, max-image-preview:large, max-video-preview:-1\" \/>\n<link rel=\"canonical\" href=\"https:\/\/www.blackeyeusa.com\/de\/produkt\/3m-klebeverbinder\/\" \/>\n<meta property=\"og:locale\" content=\"de_DE\" \/>\n<meta property=\"og:type\" content=\"article\" \/>\n<meta property=\"og:title\" content=\"Official BLACKEYE Homepage | 3M\u00ae Klebeverbinder\" \/>\n<meta property=\"og:description\" content=\"3M\u00ae Klebeverbinder zum Befestigen von Kameras an Helmen. Wir benutzen original 3M Material f\u00fcr beste und zuverl\u00e4ssige Klebeverbindungen.\" \/>\n<meta property=\"og:url\" content=\"https:\/\/www.blackeyeusa.com\/de\/produkt\/3m-klebeverbinder\/\" \/>\n<meta property=\"og:site_name\" content=\"Official BLACKEYE Homepage\" \/>\n<meta property=\"article:modified_time\" content=\"2019-03-21T11:40:09+00:00\" \/>\n<meta property=\"og:image\" content=\"https:\/\/www.blackeyeusa.com\/wp-content\/uploads\/2014\/11\/Shop3m34441.jpg\" \/>\n\t<meta property=\"og:image:width\" content=\"800\" \/>\n\t<meta property=\"og:image:height\" content=\"800\" \/>\n\t<meta property=\"og:image:type\" content=\"image\/jpeg\" \/>\n<meta name=\"twitter:card\" content=\"summary_large_image\" \/>\n<meta name=\"twitter:label1\" content=\"Gesch\u00e4tzte Lesezeit\" \/>\n\t<meta name=\"twitter:data1\" content=\"1\u00a0Minute\" \/>\n<!-- \/ Yoast SEO plugin. -->","yoast_head_json":{"title":"Official BLACKEYE Homepage | 3M\u00ae Klebeverbinder","description":"3M\u00ae Klebeverbinder zum Befestigen von Kameras an Helmen. Wir benutzen original 3M Material f\u00fcr beste und zuverl\u00e4ssige Klebeverbindungen.","robots":{"index":"index","follow":"follow","max-snippet":"max-snippet:-1","max-image-preview":"max-image-preview:large","max-video-preview":"max-video-preview:-1"},"canonical":"https:\/\/www.blackeyeusa.com\/de\/produkt\/3m-klebeverbinder\/","og_locale":"de_DE","og_type":"article","og_title":"Official BLACKEYE Homepage | 3M\u00ae Klebeverbinder","og_description":"3M\u00ae Klebeverbinder zum Befestigen von Kameras an Helmen. Wir benutzen original 3M Material f\u00fcr beste und zuverl\u00e4ssige Klebeverbindungen.","og_url":"https:\/\/www.blackeyeusa.com\/de\/produkt\/3m-klebeverbinder\/","og_site_name":"Official BLACKEYE Homepage","article_modified_time":"2019-03-21T11:40:09+00:00","og_image":[{"width":800,"height":800,"url":"https:\/\/www.blackeyeusa.com\/wp-content\/uploads\/2014\/11\/Shop3m34441.jpg","type":"image\/jpeg"}],"twitter_card":"summary_large_image","twitter_misc":{"Gesch\u00e4tzte Lesezeit":"1\u00a0Minute"},"schema":{"@context":"https:\/\/schema.org","@graph":[{"@type":"WebPage","@id":"https:\/\/www.blackeyeusa.com\/de\/produkt\/3m-klebeverbinder\/","url":"https:\/\/www.blackeyeusa.com\/de\/produkt\/3m-klebeverbinder\/","name":"Official BLACKEYE Homepage | 3M\u00ae Klebeverbinder","isPartOf":{"@id":"https:\/\/www.blackeyeusa.com\/#website"},"datePublished":"2014-11-20T16:06:42+00:00","dateModified":"2019-03-21T11:40:09+00:00","description":"3M\u00ae Klebeverbinder zum Befestigen von Kameras an Helmen. Wir benutzen original 3M Material f\u00fcr beste und zuverl\u00e4ssige Klebeverbindungen.","breadcrumb":{"@id":"https:\/\/www.blackeyeusa.com\/de\/produkt\/3m-klebeverbinder\/#breadcrumb"},"inLanguage":"de","potentialAction":[{"@type":"ReadAction","target":["https:\/\/www.blackeyeusa.com\/de\/produkt\/3m-klebeverbinder\/"]}]},{"@type":"BreadcrumbList","@id":"https:\/\/www.blackeyeusa.com\/de\/produkt\/3m-klebeverbinder\/#breadcrumb","itemListElement":[{"@type":"ListItem","position":1,"name":"Home","item":"https:\/\/www.blackeyeusa.com\/de\/"},{"@type":"ListItem","position":2,"name":"Shop","item":"https:\/\/www.blackeyeusa.com\/de\/online-shop\/"},{"@type":"ListItem","position":3,"name":"3M\u00ae Klebeverbinder"}]},{"@type":"WebSite","@id":"https:\/\/www.blackeyeusa.com\/#website","url":"https:\/\/www.blackeyeusa.com\/","name":"Official BLACKEYE Homepage","description":"Universal Camera Mounts for your Head and Helmet","potentialAction":[{"@type":"SearchAction","target":{"@type":"EntryPoint","urlTemplate":"https:\/\/www.blackeyeusa.com\/?s={search_term_string}"},"query-input":"required name=search_term_string"}],"inLanguage":"de"}]}},"_links":{"self":[{"href":"https:\/\/www.blackeyeusa.com\/de\/wp-json\/wp\/v2\/product\/2195"}],"collection":[{"href":"https:\/\/www.blackeyeusa.com\/de\/wp-json\/wp\/v2\/product"}],"about":[{"href":"https:\/\/www.blackeyeusa.com\/de\/wp-json\/wp\/v2\/types\/product"}],"wp:featuredmedia":[{"embeddable":true,"href":"https:\/\/www.blackeyeusa.com\/de\/wp-json\/wp\/v2\/media\/2382"}],"wp:attachment":[{"href":"https:\/\/www.blackeyeusa.com\/de\/wp-json\/wp\/v2\/media?parent=2195"}],"wp:term":[{"taxonomy":"product_cat","embeddable":true,"href":"https:\/\/www.blackeyeusa.com\/de\/wp-json\/wp\/v2\/product_cat?post=2195"},{"taxonomy":"product_tag","embeddable":true,"href":"https:\/\/www.blackeyeusa.com\/de\/wp-json\/wp\/v2\/product_tag?post=2195"}],"curies":[{"name":"wp","href":"https:\/\/api.w.org\/{rel}","templated":true}]}}